{"id":220,"date":"2016-01-22T15:45:33","date_gmt":"2016-01-22T15:45:33","guid":{"rendered":"http:\/\/www.sctc.org.ve\/2016\/?page_id=220"},"modified":"2016-01-22T16:00:27","modified_gmt":"2016-01-22T16:00:27","slug":"llamado-talleres-y-tutoriales","status":"publish","type":"page","link":"https:\/\/sctc.org.ve\/2016\/llamado-talleres-y-tutoriales\/","title":{"rendered":"Llamado a Talleres y Tutoriales"},"content":{"rendered":"<p><span style=\"display: block; font-size: 20px; padding: 10px; margin-left: 0; -webkit-border-radius: 4px; border-radius: 4px; color: white; text-shadow: 0 -1px 0 rgba(0, 0, 0, 0.25); background-color: #22b04b; background-image: -moz-linear-gradient(top, #22b04b, #22b04b);\">Llamado a Talleres y Tutoriales<\/span><\/p>\n<p>Se invita a expertos de reconocida trayectoria, a proponer talleres y tutoriales que presenten resultados de investigaci\u00f3n, el estado del arte de un tema determinado o la introducci\u00f3n a un tema de inter\u00e9s industrial o acad\u00e9mico. La propuesta debe ser un PDF incluyendo:<\/p>\n<ul>\n<li style=\"margin-bottom: 0px; margin-top: -10px; margin-left: 5px;\">T\u00edtulo<\/li>\n<li style=\"margin-bottom: 0px; margin-top: 0px; margin-left: 5px;\">Resumen<\/li>\n<li style=\"margin-bottom: 0px; margin-top: 0px; margin-left: 5px;\">Contenido<\/li>\n<li style=\"margin-bottom: 0px; margin-top: 0px; margin-left: 5px;\">Duraci\u00f3n<\/li>\n<li style=\"margin-bottom: 0px; margin-top: 0px; margin-left: 5px;\">P\u00fablico Objetivo<\/li>\n<li style=\"margin-bottom: 0px; margin-top: 0px; margin-left: 5px;\">Equipos Requeridos<\/li>\n<li style=\"margin-bottom: 0px; margin-top: 0px; margin-left: 5px;\">Breve CV de los Presentadores.<\/li>\n<\/ul>\n<p>Las propuestas deben ser enviadas por email a la profesora Mercy Ospina (<a href=\"mailto: mercy05@gmail.com\">mercy05@gmail.com<\/a>).<\/p>\n","protected":false},"excerpt":{"rendered":"<p>Llamado a Talleres y Tutoriales<\/p>\n<p>Se invita a expertos de reconocida trayectoria, a proponer talleres y tutoriales que presenten resultados de investigaci\u00f3n, el estado del arte de un tema determinado o la introducci\u00f3n a un tema de inter\u00e9s industrial o acad\u00e9mico. La propuesta debe ser un PDF incluyendo:<\/p>\n<p> T\u00edtulo Resumen Contenido Duraci\u00f3n P\u00fablico Objetivo Equipos [&#8230;]<\/p>\n","protected":false},"author":1,"featured_media":0,"parent":0,"menu_order":0,"comment_status":"closed","ping_status":"closed","template":"","meta":{"footnotes":""},"class_list":["post-220","page","type-page","status-publish","hentry","odd"],"_links":{"self":[{"href":"https:\/\/sctc.org.ve\/2016\/wp-json\/wp\/v2\/pages\/220","targetHints":{"allow":["GET"]}}],"collection":[{"href":"https:\/\/sctc.org.ve\/2016\/wp-json\/wp\/v2\/pages"}],"about":[{"href":"https:\/\/sctc.org.ve\/2016\/wp-json\/wp\/v2\/types\/page"}],"author":[{"embeddable":true,"href":"https:\/\/sctc.org.ve\/2016\/wp-json\/wp\/v2\/users\/1"}],"replies":[{"embeddable":true,"href":"https:\/\/sctc.org.ve\/2016\/wp-json\/wp\/v2\/comments?post=220"}],"version-history":[{"count":5,"href":"https:\/\/sctc.org.ve\/2016\/wp-json\/wp\/v2\/pages\/220\/revisions"}],"predecessor-version":[{"id":227,"href":"https:\/\/sctc.org.ve\/2016\/wp-json\/wp\/v2\/pages\/220\/revisions\/227"}],"wp:attachment":[{"href":"https:\/\/sctc.org.ve\/2016\/wp-json\/wp\/v2\/media?parent=220"}],"curies":[{"name":"wp","href":"https:\/\/api.w.org\/{rel}","templated":true}]}}