{"id":255,"date":"2016-02-03T19:40:32","date_gmt":"2016-02-03T19:40:32","guid":{"rendered":"http:\/\/www.sctc.org.ve\/2016\/?page_id=255"},"modified":"2016-05-10T13:04:31","modified_gmt":"2016-05-10T13:04:31","slug":"patrocinadores","status":"publish","type":"page","link":"https:\/\/sctc.org.ve\/2016\/patrocinadores\/","title":{"rendered":"Llamado a Patrocinadores"},"content":{"rendered":"<p><span style=\"display: block; font-size: 20px; padding: 10px; margin-left: 0; -webkit-border-radius: 4px; border-radius: 4px; color: white; text-shadow: 0 -1px 0 rgba(0, 0, 0, 0.25); background-color: #22b04b; background-image: -moz-linear-gradient(top, #22b04b, #22b04b);\">Llamado a Patrocinadores<\/span><\/p>\n<p>El <a href=\"http:\/\/www.sctc.org.ve\/2016\/comite-organizador\">Comit\u00e9 Organizador<\/a> del SCTC 2016 est\u00e1 en la b\u00fasqueda de patrocinio de organizaciones p\u00fablicas o privadas para la realizaci\u00f3n del IV Simposio Cient\u00edfico y Tecnol\u00f3gico en Computaci\u00f3n (SCTC 2016), a realizarse en la <a href=\"http:\/\/computacion.ciens.ucv.ve\/escueladecomputacion\" target=\"_blank\">Escuela de Computaci\u00f3n<\/a>, del 9 al 11 de mayo de 2016.<\/p>\n<p>El SCTC re\u00fane profesionales, investigadores, docentes y estudiantes de universidades y centros de investigaci\u00f3n venezolanos en el \u00e1rea de la Computaci\u00f3n. El simposio cuenta con la participaci\u00f3n de connotados invitados nacionales, expertos en el \u00e1mbito acad\u00e9mico, investigaci\u00f3n e industria de la Computaci\u00f3n, quienes lideran diversas actividades que incluyen sesiones de ponencias, foros, conferencias magistrales, disertaciones y tutoriales.<\/p>\n<p>Para el SCTC 2016, est\u00e1n definidos dos tipos de patrocinadores (<b>Tipo 1<\/b> y <b>Tipo 2<\/b>). A continuaci\u00f3n, se describen cada tipo:<\/p>\n<h4>Patrocinio Tipo 1 (20,000.oo + IVA):<\/h4>\n<ul>\n<li>Presencia del logo de la organizaci\u00f3n en la publicidad antes del evento (p\u00e1gina web y otros medios)<\/li>\n<li>Colocaci\u00f3n de material POP de la organizaci\u00f3n en el kit de los participantes<\/li>\n<li>Reconocimiento p\u00fablico de la organizaci\u00f3n como patrocinador en ceremonias del evento<\/li>\n<li>Participaci\u00f3n con un stand en la feria de Empleo Estudiantil cuyo objetivo es poner en contacto organizaciones que buscan talentos humanos con estudiantes y profesionales<\/li>\n<\/ul>\n<h4>Patrocinio Tipo 2 (50,000.oo + IVA):<\/h4>\n<ul>\n<li>Presencia del logo de la organizaci\u00f3n en la publicidad antes del evento (p\u00e1gina web y otros medios)<\/li>\n<li>Colocaci\u00f3n de material POP de la organizaci\u00f3n en el kit de los participantes<\/li>\n<li>Reconocimiento p\u00fablico de la organizaci\u00f3n como patrocinador en ceremonias del evento<\/li>\n<li>Participaci\u00f3n con un stand en la feria de Empleo Estudiantil cuyo objetivo es poner en contacto organizaciones que buscan talentos humanos con estudiantes y profesionales<\/li>\n<li>Proyecci\u00f3n de un video promocional o presentaci\u00f3n de 10 minutos sobre la organizaci\u00f3n, sus productos y sus pol\u00edticas<\/li>\n<\/ul>\n<p>Para nosotros, ser\u00eda un gran honor contar con su prestigiosa organizaci\u00f3n como parte de nuestro equipo de socios patrocinadores.<br \/>\n&nbsp;<br \/>\n&nbsp;<\/p>\n<p><span style=\"display: block; font-size: 20px; padding: 10px; margin-left: 0; -webkit-border-radius: 4px; border-radius: 4px; color: white; text-shadow: 0 -1px 0 rgba(0, 0, 0, 0.25); background-color: #22b04b; background-image: -moz-linear-gradient(top, #22b04b, #22b04b);\">Datos de Pago<\/span><\/p>\n<p>Los pagos deben ser realizados por dep\u00f3sito o transferencia a la cuenta bancaria a continuaci\u00f3n. Genere un archivo PDF con la prueba de pago. Si ha hecho un dep\u00f3sito, escanee el voucher. Si ha hecho una transferencia, genere una impresi\u00f3n de los datos claves de esta. Una vez efectuado el pago, enviar por email la prueba de pago (archivo PDF) a <a href=\"mailto: info@sctc.org.ve\">info@sctc.org.ve<\/a>.<\/p>\n<p><b>Banco:<\/b> Banesco<br \/>\n<b>Tipo de cuenta:<\/b> Cuenta Corriente<br \/>\n<b>Nombre de la cuenta:<\/b> Fundaci\u00f3n Amigos de la Facultad de Ciencias \u2013 UCV<br \/>\n<b>RIF:<\/b> J-30967561-3<br \/>\n<b>N\u00famero de la cuenta:<\/b> 0134-0861-11-8613000292<br \/>\n<b>Tel\u00e9fono:<\/b> 0212-6051024<br \/>\n<b>Email:<\/b> direcomp@ciens.ucv.ve<br \/>\n&nbsp;<br \/>\n&nbsp;<\/p>\n<p><span style=\"display: block; font-size: 20px; padding: 10px; margin-left: 0; -webkit-border-radius: 4px; border-radius: 4px; color: white; text-shadow: 0 -1px 0 rgba(0, 0, 0, 0.25); background-color: #22b04b; background-image: -moz-linear-gradient(top, #22b04b, #22b04b);\">Patrocinadores<\/span><\/p>\n<p><img decoding=\"async\" style=\"border: none; background-color: #ffffff; display: block; margin-left: auto; margin-right: auto;\" src=\"http:\/\/www.sctc.org.ve\/2016\/wp-content\/uploads\/sites\/2\/2016\/05\/logos-patrocinadores-v1.5.png\" alt=\"\" width=\"600\" \/><\/p>\n","protected":false},"excerpt":{"rendered":"<p>Llamado a Patrocinadores<\/p>\n<p>El Comit\u00e9 Organizador del SCTC 2016 est\u00e1 en la b\u00fasqueda de patrocinio de organizaciones p\u00fablicas o privadas para la realizaci\u00f3n del IV Simposio Cient\u00edfico y Tecnol\u00f3gico en Computaci\u00f3n (SCTC 2016), a realizarse en la Escuela de Computaci\u00f3n, del 9 al 11 de mayo de 2016.<\/p>\n<p>El SCTC re\u00fane profesionales, investigadores, docentes y [&#8230;]<\/p>\n","protected":false},"author":1,"featured_media":0,"parent":0,"menu_order":0,"comment_status":"closed","ping_status":"closed","template":"","meta":{"footnotes":""},"class_list":["post-255","page","type-page","status-publish","hentry","odd"],"_links":{"self":[{"href":"https:\/\/sctc.org.ve\/2016\/wp-json\/wp\/v2\/pages\/255","targetHints":{"allow":["GET"]}}],"collection":[{"href":"https:\/\/sctc.org.ve\/2016\/wp-json\/wp\/v2\/pages"}],"about":[{"href":"https:\/\/sctc.org.ve\/2016\/wp-json\/wp\/v2\/types\/page"}],"author":[{"embeddable":true,"href":"https:\/\/sctc.org.ve\/2016\/wp-json\/wp\/v2\/users\/1"}],"replies":[{"embeddable":true,"href":"https:\/\/sctc.org.ve\/2016\/wp-json\/wp\/v2\/comments?post=255"}],"version-history":[{"count":27,"href":"https:\/\/sctc.org.ve\/2016\/wp-json\/wp\/v2\/pages\/255\/revisions"}],"predecessor-version":[{"id":683,"href":"https:\/\/sctc.org.ve\/2016\/wp-json\/wp\/v2\/pages\/255\/revisions\/683"}],"wp:attachment":[{"href":"https:\/\/sctc.org.ve\/2016\/wp-json\/wp\/v2\/media?parent=255"}],"curies":[{"name":"wp","href":"https:\/\/api.w.org\/{rel}","templated":true}]}}