{"id":279,"date":"2016-02-03T20:53:25","date_gmt":"2016-02-03T20:53:25","guid":{"rendered":"http:\/\/www.sctc.org.ve\/2016\/?page_id=279"},"modified":"2016-07-13T21:24:46","modified_gmt":"2016-07-13T21:24:46","slug":"conferencistas","status":"publish","type":"page","link":"https:\/\/sctc.org.ve\/2016\/conferencistas\/","title":{"rendered":"Conferencistas"},"content":{"rendered":"<p><span style=\"display: block; font-size: 20px; padding: 10px; margin-left: 0; -webkit-border-radius: 4px; border-radius: 4px; color: white; text-shadow: 0 -1px 0 rgba(0, 0, 0, 0.25); background-color: #22b04b; background-image: -moz-linear-gradient(top, #22b04b, #22b04b);\">Dr. Jorge Baralt<\/span><\/p>\n<p><b>Fecha y lugar:<\/b> Lunes 09 de mayo de 2016, de 09:00 a 10:30 AM, Auditorio Tob\u00edas Lasser<\/p>\n<p><b>Afiliaci\u00f3n conferencista:<\/b> Universidad Sim\u00f3n Bol\u00edvar<\/p>\n<p><b>T\u00edtulo conferencia:<\/b> Filosof\u00eda de la Computaci\u00f3n<\/p>\n<p><b>Resumen:<\/b> La pr\u00e1xis de la computaci\u00f3n ha sido factor determinante en la acelerada transformaci\u00f3n de la sociedad  actual, llamada por ello Sociedad de la Informaci\u00f3n. La tecnolog\u00eda de computaci\u00f3n junto con la de automatizaci\u00f3n, han sido catalizadores del acelerado avance de las tecnolog\u00edas de informaci\u00f3n potenciadas por los avances en las tecnolog\u00edas de conservaci\u00f3n, interfaz, comunicaci\u00f3n y seguridad. Mucho se ha escrito y hablado de la Ciencia de la Computaci\u00f3n, pero no as\u00ed de la Filosof\u00eda de la Computaci\u00f3n. T\u00f3picos en esta \u00e1rea se han tratado en forma impl\u00edcita en Tecnolog\u00eda de Bases de Datos, en Inteligencia Artificial, en Teor\u00eda General de Sistemas y en Programaci\u00f3n L\u00f3gica, pero rara vez en forma expl\u00edcita. En esta presentaci\u00f3n se hace una reflexi\u00f3n de lo que ser\u00eda una Filosof\u00eda de la Computaci\u00f3n y su rol en la fundamentaci\u00f3n de la Ciencia de la Computaci\u00f3n.<\/p>\n<p><b>Biograf\u00eda corta:<\/b> Jorge Baralt-Torrijos naci\u00f3 en San Crist\u00f3bal, Estado T\u00e1chira, Venezuela. Es Ingeniero Civil, graduado en la  Universidad Central de Venezuela. Tiene un Ph.D. en Computer and Information Science y un M.Sc. en Information Science, ambos del Georgia Institute of Technology de los EUA, con estudios avanzados en la Maestr\u00eda en Filosof\u00eda de la Universidad Sim\u00f3n Bol\u00edvar (USB). Es Profesor Titular Jubilado de la USB, donde realiz\u00f3 la mayor parte de su carrera de veinticinco a\u00f1os de docencia, investigaci\u00f3n y desarrollo. En la USB, fue el dise\u00f1ador y promotor de los estudios en Ingenier\u00eda de Computaci\u00f3n, Maestr\u00eda y Doctorado en Ciencias de Computaci\u00f3n, as\u00ed como en las especializaciones en Inform\u00e1tica Educativa, en Telem\u00e1tica y en Gesti\u00f3n de las Telecomunicaciones. Fue promotor de la creaci\u00f3n del Departamento de Computaci\u00f3n y Tecnolog\u00edas de Informaci\u00f3n, del Instituto de Estudios del Conocimiento, del Centro de Informaci\u00f3n y Computaci\u00f3n y de la Direcci\u00f3n de Servicios Telem\u00e1ticos. Fue Decano de Estudios de Postgrado de la USB, Presidente de FUNINDES-USB (la Fundaci\u00f3n para la Investigaci\u00f3n y Desarrollo de la USB), Presidente de FUDISEC (la Fundaci\u00f3n para el Desarrollo del Sureste de Caracas) y Director de Planificaci\u00f3n de la USB. Fue Senior Visiting Scientist del Earth Resources Laboratory del MIT, Vice-Ministro de Planificaci\u00f3n y Desarrollo Institucional, y Presidente de PDVSA-IFT (empresa filial de PDVSA). Fue asesor del Presidente del CNTI (Centro Nacional de Tecnolog\u00edas de Informaci\u00f3n) y de la Gerencia de Instituciones P\u00fablicas de la CANTV. Es Premio Sim\u00f3n Rodr\u00edguez de la Asociaci\u00f3n de Profesores de la USB; Premio a la Trayectoria por Destacada Labor en Pro del Avance de la Educaci\u00f3n Universitaria y la Investigaci\u00f3n en Ciencias de la Computaci\u00f3n en Venezuela y Latinoam\u00e9rica, de la Sociedad Venezolana de Computaci\u00f3n 2014; Distinci\u00f3n CLEI al M\u00e9rito Latinoamericano en Inform\u00e1tica Centro Latinoamericano de Estudios en Inform\u00e1tica, Per\u00fa 2015 y Miembro Correspondiente  de la Academia de Ciencias F\u00edsicas Matem\u00e1ticas y Naturales de Venezuela desde 2000.<br \/>\n&nbsp;<br \/>\n&nbsp;<\/p>\n<p><span style=\"display: block; font-size: 20px; padding: 10px; margin-left: 0; -webkit-border-radius: 4px; border-radius: 4px; color: white; text-shadow: 0 -1px 0 rgba(0, 0, 0, 0.25); background-color: #22b04b; background-image: -moz-linear-gradient(top, #22b04b, #22b04b);\">Dra. Nancy Zambrano<\/span><\/p>\n<p><b>Fecha y lugar:<\/b> Lunes 09 de mayo de 2016, de 10:30 AM a 12:00 M, Auditorio Tob\u00edas Lasser<\/p>\n<p><b>Afiliaci\u00f3n conferencista:<\/b> Universidad Central de Venezuela<\/p>\n<p><b>T\u00edtulo conferencia:<\/b> La Escuela de Computaci\u00f3n y su Historia In\u00e9dita desde los Cambios Curriculares<\/p>\n<p><b>Resumen:<\/b> La historia de una Escuela, \u00a1y de Computaci\u00f3n!, sus hitos en esta l\u00ednea del tiempo, esos puntos de transformaci\u00f3n, esos que hacen vivir los momentos de forma apasionada, febril, cuando se rompen moldes y paradigmas. En estos cuentos, los hitos que nos conducen son los cambios curriculares. Muchas veces el producto -un pensum- no refleja ni el proceso ni el contexto, ricos en ense\u00f1anzas a veces m\u00e1s que el producto mismo. Dejo en el misterio esa historia, plena de hechos ins\u00f3litos, in\u00e9ditos muchos y otros olvidados en ese pasar generacional. El caminar y el camino, quiz\u00e1s es a ellos a lo que m\u00e1s me voy a referir. Es lo que m\u00e1s puede ense\u00f1ar.<\/p>\n<p><b>Biograf\u00eda corta:<\/b> Nancy Zambrano, Licenciada en Computaci\u00f3n (Facultad de Ciencias, UCV). Obtuvo el Magister en Ciencias de la Computaci\u00f3n en el a\u00f1o 1989, en el Postgrado en Ciencias de la Computaci\u00f3n, de la misma Facultad; y el t\u00edtulo de Doctora en Ciencias Inform\u00e1ticas en el &#8220;Laboratoire de Recherche Informatique (LRI)&#8221; de la Universidad Paris XI, en el a\u00f1o 1995. Siendo invitada en calidad de Postdoctorante en el 2000 en la Universidad Paris VI, Equipe OASIS y en la Universidad Paris XI, LRI. Se desempe\u00f1\u00f3 como Docente e Investigadora en la Escuela de Computaci\u00f3n de la UCV, siendo actualmente Profesora Titular (jubilada), y en el Postgrado en Ciencias de la Computaci\u00f3n de la UCV. Sirvi\u00f3 como Directora de la Escuela de Computaci\u00f3n, siendo instructora, y mantuvo a lo largo de sus 25 a\u00f1os una actividad permanente tanto administrativa, en diferentes comisiones y consejos, como acad\u00e9mica en laboratorios y centros de investigaci\u00f3n, destac\u00e1ndose su gesti\u00f3n al frente de la Comisi\u00f3n Curricular de la Escuela de Computaci\u00f3n (dirigi\u00f3 dos cambios curriculares) y de la  misma comisi\u00f3n a nivel de Facultad y como Coordinadora del Centro de Investigaci\u00f3n de Ingenier\u00eda de Software y Sistemas (ISYS). En el \u00e1rea curricular fue creadora del Programa de Formaci\u00f3n en Gesti\u00f3n Social de la Inform\u00e1tica en la Universidad Bolivariana de Venezuela (UBV). Dirigi\u00f3 numerosos trabajos de grado en pregrado y tesis de postgrado y public\u00f3 libros, art\u00edculos en revistas y otros en el \u00e1rea de la Ingenier\u00eda de Software, de la Interacci\u00f3n Humano-Computador y del Dise\u00f1o de la Interacci\u00f3n, fundamentalmente. Fue presidenta de la Fundaci\u00f3n Infocentro, organismo adscrito del Ministerio del Poder Popular para  Ciencia y Tecnolog\u00eda (MPPCT), desde 2007 al 2012, en un trabajo que considera muy satisfactorio: llevar las TICs a los sectores excluidos de ella, logrando reconocimiento internacional, premio de la UNESCO por la alfabetizaci\u00f3n tecnol\u00f3gica de adultos. Asesora de la Presidencia de Fundacomunal, 2013-2014 y asesora en el CNTI, en el 2015.<\/p>\n<p><b>Documento:<\/b> <a href=\"http:\/\/www.sctc.org.ve\/2016\/wp-content\/uploads\/sites\/2\/2016\/07\/Historia-Escuela-Computacion-16-06-16-UR.pdf\" target=\"_blank\">Archivo PDF<\/a><br \/>\n&nbsp;<br \/>\n&nbsp;<\/p>\n<p><span style=\"display: block; font-size: 20px; padding: 10px; margin-left: 0; -webkit-border-radius: 4px; border-radius: 4px; color: white; text-shadow: 0 -1px 0 rgba(0, 0, 0, 0.25); background-color: #22b04b; background-image: -moz-linear-gradient(top, #22b04b, #22b04b);\">Dr. Junior Altamiranda<\/span><\/p>\n<p><b>Fecha y lugar:<\/b> Mi\u00e9rcoles 11 de mayo de 2016, de 02:00 a 03:30 PM, Auditorio Tob\u00edas Lasser<\/p>\n<p><b>Afiliaci\u00f3n conferencista:<\/b> Universidad de Los Andes<\/p>\n<p><b>T\u00edtulo conferencia:<\/b> Modelos de Inteligencia Colectiva Aplicados en la Inteligencia Artificial<\/p>\n<p><b>Resumen:<\/b> La Inteligencia Colectiva, es una forma de inteligencia que surge de la colaboraci\u00f3n y las interacciones entre los individuos de una organizaci\u00f3n. Aparece en una amplia variedad de sociedades biol\u00f3gicas que incluyen los seres simples como las bacterias, los animales, los seres humanos, y permite resolver problemas complejos. Los comportamientos colectivos se pueden categorizar en cuatro funciones: coordinaci\u00f3n, cooperaci\u00f3n, deliberaci\u00f3n y colaboraci\u00f3n. As\u00ed, la Inteligencia Artificial se ha inspirado en esto para desarrollar Sistemas Inteligentes que presentan caracter\u00edsticas tales como: flexibilidad, robustez, control descentralizado y auto-organizaci\u00f3n, propias de las colonias de insectos y de otras sociedades animales. Estos sistemas tienen la capacidad de lograr tareas colectivas complejas con comportamientos individuales simples, sin un control central o estructuras jer\u00e1rquicas, haciendo que surja un comportamiento emergente (un comportamiento nuevo y estable) que es producido por el sistema. De esta manera, se han propuesto un gran n\u00famero de sistemas artificiales para: resolver problemas de optimizaci\u00f3n, coordinaci\u00f3n de robots, auto-ensamblaje, organizaci\u00f3n de bases de datos, protecci\u00f3n de virus, entre otras. Ac\u00e1 daremos un paseo por la Inteligencia Colectiva, sus aplicaciones m\u00e1s importantes y las expectativas para el futuro.<\/p>\n<p><b>Biograf\u00eda corta:<\/b> Junior Altamiranda-P\u00e9rez, Ingeniero de Sistemas graduado en la Universidad de Los Andes (ULA) M\u00e9rida \u2013 Venezuela en 2002. Obtuvo el Magister en Computaci\u00f3n en 2006 en la Universidad de Los Andes (ULA) M\u00e9rida \u2013 Venezuela. En 2007 realiz\u00f3 una Estad\u00eda de Investigaci\u00f3n en el Master 2 de Bioinform\u00e1tica en la Universidad de Rennes I en Francia. Recibe el Ph. D en Ciencias Aplicadas en el 2012 en la Universidad de Los Andes (ULA) M\u00e9rida \u2013 Venezuela. Del 2008 al 2011 form\u00f3 parte del \u201cPlan II: Plan de Generaci\u00f3n de Relevo\u201d de la Universidad de Los Andes. Se desempe\u00f1a como Docente de la Escuela de Sistemas de la ULA, actualmente Profesor Asistente, e Investigador del Centro de Microelectr\u00f3nica y Sistemas Distribuidos (CEMISID) de la Facultad de Ingenier\u00eda, adem\u00e1s forma parte del Consejo T\u00e9cnico del Postgrado de Computaci\u00f3n de la Universidad de Los Andes. Premio al Est\u00edmulo a la Docencia Universitaria (PED) &#8220;Mariano Pic\u00f3n Salas&#8221;, Universidad de Los Andes, Edici\u00f3n 2015. Recibi\u00f3 el  Premio Regional de Tecnolog\u00eda 2015. Menci\u00f3n: Investigaci\u00f3n Tecnol\u00f3gica otorgado por FUNDACITE M\u00e9rida. Ha dirigido trabajos de grado en pregrado y postgrado, tambi\u00e9n ha publicado art\u00edculos y cap\u00edtulos de libros en Inteligencia Artificial, Computaci\u00f3n Inteligente, Bioinform\u00e1tica, Miner\u00eda de Datos y Sistemas Multiagentes.<\/p>\n","protected":false},"excerpt":{"rendered":"<p>Dr. Jorge Baralt<\/p>\n<p>Fecha y lugar: Lunes 09 de mayo de 2016, de 09:00 a 10:30 AM, Auditorio Tob\u00edas Lasser<\/p>\n<p>Afiliaci\u00f3n conferencista: Universidad Sim\u00f3n Bol\u00edvar<\/p>\n<p>T\u00edtulo conferencia: Filosof\u00eda de la Computaci\u00f3n<\/p>\n<p>Resumen: La pr\u00e1xis de la computaci\u00f3n ha sido factor determinante en la acelerada transformaci\u00f3n de la sociedad actual, llamada por ello Sociedad de la [&#8230;]<\/p>\n","protected":false},"author":1,"featured_media":0,"parent":0,"menu_order":0,"comment_status":"closed","ping_status":"closed","template":"","meta":{"footnotes":""},"class_list":["post-279","page","type-page","status-publish","hentry","odd"],"_links":{"self":[{"href":"https:\/\/sctc.org.ve\/2016\/wp-json\/wp\/v2\/pages\/279","targetHints":{"allow":["GET"]}}],"collection":[{"href":"https:\/\/sctc.org.ve\/2016\/wp-json\/wp\/v2\/pages"}],"about":[{"href":"https:\/\/sctc.org.ve\/2016\/wp-json\/wp\/v2\/types\/page"}],"author":[{"embeddable":true,"href":"https:\/\/sctc.org.ve\/2016\/wp-json\/wp\/v2\/users\/1"}],"replies":[{"embeddable":true,"href":"https:\/\/sctc.org.ve\/2016\/wp-json\/wp\/v2\/comments?post=279"}],"version-history":[{"count":22,"href":"https:\/\/sctc.org.ve\/2016\/wp-json\/wp\/v2\/pages\/279\/revisions"}],"predecessor-version":[{"id":689,"href":"https:\/\/sctc.org.ve\/2016\/wp-json\/wp\/v2\/pages\/279\/revisions\/689"}],"wp:attachment":[{"href":"https:\/\/sctc.org.ve\/2016\/wp-json\/wp\/v2\/media?parent=279"}],"curies":[{"name":"wp","href":"https:\/\/api.w.org\/{rel}","templated":true}]}}