{"id":369,"date":"2016-04-07T23:30:37","date_gmt":"2016-04-07T23:30:37","guid":{"rendered":"http:\/\/www.sctc.org.ve\/2016\/?page_id=369"},"modified":"2016-05-05T17:20:09","modified_gmt":"2016-05-05T17:20:09","slug":"info-talleres-y-tutoriales","status":"publish","type":"page","link":"https:\/\/sctc.org.ve\/2016\/info-talleres-y-tutoriales\/","title":{"rendered":"Informaci\u00f3n sobre los Talleres y Tutoriales"},"content":{"rendered":"<p><span style=\"display: block; font-size: 20px; padding: 10px; margin-left: 0; -webkit-border-radius: 4px; border-radius: 4px; color: white; text-shadow: 0 -1px 0 rgba(0, 0, 0, 0.25); background-color: #22b04b; background-image: -moz-linear-gradient(top, #22b04b, #22b04b);\">Informaci\u00f3n sobre Talleres y Tutoriales<\/span><\/p>\n<p>Si ya ha escogido un taller o tutorial, y que quiere postularse como candidato para asistir a este, haga clic <a href=\"http:\/\/www.sctc.org.ve\/2016\/postulacion-talleres-y-tutoriales\">aqu\u00ed<\/a>. A continuaci\u00f3n se encuentra la lista de los talleres y tutoriales propuestos y organizados por el SCTC 2016:<\/p>\n<ul>\n<li><a href=\"http:\/\/www.sctc.org.ve\/2016\/info-talleres-y-tutoriales#mineria\">Miner\u00eda de Datos<\/a><\/li>\n<li><a href=\"http:\/\/www.sctc.org.ve\/2016\/info-talleres-y-tutoriales#graficos-en-r\">Creaci\u00f3n de Gr\u00e1ficos Avanzados en R<\/a><\/li>\n<li><a href=\"http:\/\/www.sctc.org.ve\/2016\/info-talleres-y-tutoriales#bd-no-sql\">Introducci\u00f3n a las Bases de Datos NoSQL &#8211; Casos MongoDB y Neo4j<\/a><\/li>\n<li><a href=\"http:\/\/www.sctc.org.ve\/2016\/info-talleres-y-tutoriales#almacenes-datos\">Desarrollo de Almacenes de Datos &#8211; Un Caso Pr\u00e1ctico<\/a><\/li>\n<li><a href=\"http:\/\/www.sctc.org.ve\/2016\/info-talleres-y-tutoriales#certificacion-digital\">Seguridad en Servicios Web &#8211; Certificaci\u00f3n Digital<\/a><\/li>\n<\/ul>\n<p>&nbsp;<\/p>\n<p><span style=\"display: block; font-size: 20px; padding: 10px; margin-left: 0; -webkit-border-radius: 4px; border-radius: 4px; color: white; text-shadow: 0 -1px 0 rgba(0, 0, 0, 0.25); background-color: #22b04b; background-image: -moz-linear-gradient(top, #22b04b, #22b04b);\"><a name=\"mineria\">Miner\u00eda de Datos<\/a> <br \/> Haydemar N\u00fa\u00f1ez, Universidad Central de Venezuela, Venezuela<\/span><\/p>\n<p><strong>Aula:<\/strong> Sala Oeste de los Laboratorio Docentes, Facultad de Ciencias<\/p>\n<p><strong>Capacidad:<\/strong> 30 personas<\/p>\n<p><strong>Resumen:<\/strong> La Miner\u00eda de Datos se define como el proceso no trivial de extracci\u00f3n de conocimiento v\u00e1lido, novedoso, potencialmente \u00fatil y comprensible, a partir de grandes vol\u00famenes de datos. Con las t\u00e9cnicas de Miner\u00eda de Datos es posible identificar, de manera autom\u00e1tica, patrones, relaciones, reglas, asociaciones, tendencias y regularidades que pueden resultar \u00fatiles para la toma de decisiones. La Miner\u00eda de Datos ha resultado ser fundamental en la investigaci\u00f3n cient\u00edfica y t\u00e9cnica, como herramienta de an\u00e1lisis y descubrimiento de conocimiento en diferentes \u00e1reas.<\/p>\n<p><strong>Contenido:<\/strong> Los objetivos de este taller son: (1) Proporcionar  los fundamentos b\u00e1sicos asociados al proceso de Miner\u00eda de Datos, (2) Aplicar t\u00e9cnicas de Miner\u00eda de Datos para resolver tareas predictivas y descriptivas en diferentes dominios, utilizando la herramienta Weka.<\/p>\n<p>Este taller ser\u00e1 realizado en dos sesiones:<\/p>\n<ul>\n<li><b>Sesi\u00f3n 1 (teor\u00eda):<\/b> Lunes 09 de mayo 2016, de 2:00 a 6:00 PM<br \/>\nConcepto de Miner\u00eda de Datos (MD). Tipos de conjuntos de datos. Tareas de la MD. Proceso de descubrimiento de conocimiento a partir de datos. T\u00e9cnicas de MD. Aplicaciones. Metodolog\u00edas y herramientas.<\/li>\n<li><b>Sesi\u00f3n 2 (pr\u00e1ctica):<\/b> Martes 10 de mayo 2016, de 2:00 a 6:00 PM<br \/>\nIntroducci\u00f3n a la herramienta Weka. Resoluci\u00f3n  de tareas predictivas y descriptivas sobre conjuntos de datos en diferentes dominios.<\/li>\n<\/ul>\n<p><b>Biograf\u00eda Corta:<\/b> Haydemar N\u00fa\u00f1ez obtuvo un doctorado en la Universidad Polit\u00e9cnica de Catalu\u00f1a, Espa\u00f1a, y un Magister en Ciencias de la Computaci\u00f3n en la Universidad Central de Venezuela, Venezuela. Es profesora titular a dedicaci\u00f3n exclusiva de la Escuela de Computaci\u00f3n de la UCV. Es profesora del Postgrado en Ciencias de la Computaci\u00f3n en el \u00e1rea de Inteligencia Artificial Aplicada. Sus \u00e1reas de inter\u00e9s incluyen: (1) Aprendizaje Artificial y Miner\u00eda de Datos, (2) Ingenier\u00eda del Conocimiento y Sistemas basados en Conocimiento, y (3) Sistemas de Recomendaci\u00f3n.<br \/>\n&nbsp;<br \/>\n&nbsp;<\/p>\n<p><span style=\"display: block; font-size: 20px; padding: 10px; margin-left: 0; -webkit-border-radius: 4px; border-radius: 4px; color: white; text-shadow: 0 -1px 0 rgba(0, 0, 0, 0.25); background-color: #22b04b; background-image: -moz-linear-gradient(top, #22b04b, #22b04b);\"><a name=\"graficos-en-r\">Creaci\u00f3n de Gr\u00e1ficos Avanzados en R<\/a> <br \/> Jos\u00e9 Sosa, Universidad Central de Venezuela, Venezuela<\/span><\/p>\n<p><strong>Aula:<\/strong> Sala Sur de los Laboratorio Docentes, Facultad de Ciencias<\/p>\n<p><strong>Capacidad:<\/strong> 13 personas<\/p>\n<p><strong>Resumen:<\/strong> La presentaci\u00f3n de datos mediante gr\u00e1ficos es algo que se realiza con frecuencia en muchas profesiones. La revista americana LIFE ten\u00eda como consigna \u201cUna foto vale m\u00e1s que mil palabras\u201d. Los gr\u00e1ficos nos permiten, con una mirada, comprender el comportamiento de los datos, hacer juicios respecto a la variabilidad, escala, patrones y tendencias. Una de las grandes virtudes del lenguaje R, es la facilidad que ofrece para crear gr\u00e1ficos de calidad. Este lenguaje cuenta con varios sistemas de gr\u00e1ficaci\u00f3n, sin embargo la mayor\u00eda de los investigadores se limitan al uso de su sistema de gr\u00e1ficos b\u00e1sico.<\/p>\n<p>Desde hace algunos a\u00f1os viene adquiriendo popularidad una nueva forma de enfocar la programaci\u00f3n de los gr\u00e1ficos en R. Ggplot2 es un sistema de graficaci\u00f3n basado en el libro llamado \u201cThe Grammar of Graphics\u201d (Wilkinson, 2005). Esta gram\u00e1tica propone de un conjunto de componentes independientes, que se pueden mezclar de muchas maneras diferentes y que hacen m\u00e1s f\u00e1cil producir gr\u00e1ficos complejos (y mapas) por capas.<\/p>\n<p>En este taller te\u00f3rico\/pr\u00e1ctico se le presentan los conceptos b\u00e1sicos que soportan la programaci\u00f3n de gr\u00e1ficos y mapas con ggplot2.<\/p>\n<p><strong>Contenido:<\/strong> En este taller se presentar\u00e1n los siguientes contenidos: (1) Historia de los gr\u00e1ficos en R, (2) Repaso de los diferentes subsistemas de graficaci\u00f3n, (3) Creaci\u00f3n de gr\u00e1ficos con qplot, (4) La gram\u00e1tica de los gr\u00e1ficos, (5) Creaci\u00f3n de Gr\u00e1ficos con ggplot, (6) Animaciones, (7) Visualizaci\u00f3n de datos georeferenciados &#8211; Mapas, y (8) Introducci\u00f3n a la creaci\u00f3n de gr\u00e1ficos interactivos.<\/p>\n<p>Este taller ser\u00e1 realizado en dos sesiones:<\/p>\n<ul>\n<li><b>Sesi\u00f3n 1:<\/b> Lunes 09 de mayo 2016, de 2:00 a 6:00 PM<\/li>\n<li><b>Sesi\u00f3n 2:<\/b> Martes 10 de mayo 2016, de 2:00 a 6:00 PM<\/li>\n<\/ul>\n<p> <b>Biograf\u00eda Corta:<\/b> Jos\u00e9 Sosa es profesor del Centro de Computaci\u00f3n Paralela y Distribuida de la Escuela de Computaci\u00f3n de la Universidad Central de Venezuela, Licenciado en Computaci\u00f3n del a\u00f1o 2001 de la UCV. Promotor del uso del Software Libre y el acceso abierto, ha sido docente en el \u00e1rea de probabilidad y estad\u00edstica por varios a\u00f1os y actualmente participa en la creaci\u00f3n del \u00e1rea de Ciencia de Datos. Ha estado a la cabeza de importantes proyectos tecnol\u00f3gicos y asumido cargos de direcci\u00f3n en instituciones como el CNTI, el CENIT, Fundayacucho, entre otras, en las que su principal pauta ha sido la creaci\u00f3n de normas para la promoci\u00f3n del conocimiento libre, publicaci\u00f3n de datos en acceso abierto, la interoperabilidad y la optimizaci\u00f3n de procesos de gobierno electr\u00f3nico.<br \/>\n&nbsp;<br \/>\n&nbsp;<\/p>\n<p><span style=\"display: block; font-size: 20px; padding: 10px; margin-left: 0; -webkit-border-radius: 4px; border-radius: 4px; color: white; text-shadow: 0 -1px 0 rgba(0, 0, 0, 0.25); background-color: #22b04b; background-image: -moz-linear-gradient(top, #22b04b, #22b04b);\"><a name=\"bd-no-sql\">Introducci\u00f3n a las Bases de Datos NoSQL &#8211; Casos MongoDB y Neo4j<\/a> <br \/> Mercy Ospina, Universidad Central de Venezuela, Venezuela<\/span><\/p>\n<p><strong>Aula:<\/strong> Laboratorio de Computaci\u00f3n Gr\u00e1fica, Facultad de Ciencias<\/p>\n<p><strong>Capacidad:<\/strong> 15 personas<\/p>\n<p><strong>Resumen:<\/strong> La mayor\u00eda de los sistemas manejadores de bases de datos comerciales se basan en el modelo relacional y usan el lenguaje est\u00e1ndar SQL para operar con los datos. Este tipo de manejadores presentan una serie de caracter\u00edsticas que los hace \u00fatiles en m\u00faltiples dominios organizacionales, sin embargo, aplicaciones inform\u00e1ticas recientes requieren el uso de datos de forma intensiva, para los cuales el modelo relacional no es el m\u00e1s apropiado.<\/p>\n<p>Los sistemas de almacenamiento no relacionales, llamados NoSQL (Not only SQL) representan una alternativa para almacenar y manipular datos  cuyo modelo de datos no es relacional.<\/p>\n<p>En este taller te\u00f3rico\/pr\u00e1ctico se le presentan los conceptos b\u00e1sicos que soportan las bases de datos NoSQL, sus caracter\u00edsticas, taxonom\u00eda y usos, as\u00ed como casos pr\u00e1cticos con dos sistemas de almacenamiento NoSQL.<\/p>\n<p><strong>Contenido:<\/strong> En este taller se presentar\u00e1n los siguientes contenidos: (1) Movimiento NoSQL: Por qu\u00e9 y cu\u00e1ndo surgen estas bases de datos, Teorema de CAP, propiedades BASE, BASE vs ACID, (2) Caracter\u00edsticas de las BDs NoSQL: Arquitectura, escalabilidad, fragmentaci\u00f3n y replicaci\u00f3n, modelos de datos, (3) Taxonom\u00eda y usos: Clave-valor, documentos, familia de columna, grafos, (4) Documentos: Jason, patrones de modelado, usos, ejemplos, (5) Caso pr\u00e1ctico MongoDB, (6) Grafos: concepto, usos, representaci\u00f3n, ejemplos, y (7) Caso pr\u00e1ctico Neo4j.<\/p>\n<p>Este taller ser\u00e1 realizado en dos sesiones:<\/p>\n<ul>\n<li><b>Sesi\u00f3n 1:<\/b> Lunes 09 de mayo 2016, de 2:00 a 6:00 PM<\/li>\n<li><b>Sesi\u00f3n 2:<\/b> Martes 10 de mayo 2016, de 2:00 a 6:00 PM<\/li>\n<\/ul>\n<p><b>Biograf\u00eda Corta:<\/b> Mercy Ospina tiene una maestr\u00eda en Ciencias de la Computaci\u00f3n, y una Licenciada en Computaci\u00f3n (UCV). Es docente a Dedicaci\u00f3n Exclusiva en la Escuela de Computaci\u00f3n de la UCV, donde trabaja en el \u00e1rea de Base de Datos, siendo miembro del Centro de Investigaci\u00f3n en Sistemas de Informaci\u00f3n (CISI) de la UCV desde 2009. Actualmente coordina el Centro CISI y las asignaturas \u201cAdministraci\u00f3n de Base de Datos\u201d y \u201cBase de Datos NoSQL\u201d del pregrado de la licenciatura en computaci\u00f3n (UCV). Ha sido tutora de equipos estudiantiles en el proyecto Archivo Web de Venezuela para la preservaci\u00f3n del patrimonio web venezolano y ha participado en varios congresos nacionales. Es miembro de la Sociedad Venezolana de Computaci\u00f3n (SVC).<br \/>\n&nbsp;<br \/>\n&nbsp;<\/p>\n<p><span style=\"display: block; font-size: 20px; padding: 10px; margin-left: 0; -webkit-border-radius: 4px; border-radius: 4px; color: white; text-shadow: 0 -1px 0 rgba(0, 0, 0, 0.25); background-color: #22b04b; background-image: -moz-linear-gradient(top, #22b04b, #22b04b);\"><a name=\"almacenes-datos\">Desarrollo de Almacenes de Datos &#8211; Un Caso Pr\u00e1ctico<\/a> <br \/> Concettina Di Vasta, Universidad Central de Venezuela, Venezuela<\/span><\/p>\n<p><strong>Aula:<\/strong> Laboratorio Ingenier\u00eda Web, Escuela de Computaci\u00f3n, Facultad de Ciencias<\/p>\n<p><strong>Capacidad:<\/strong> 11 personas<\/p>\n<p><strong>Resumen:<\/strong> Los grandes vol\u00famenes de informaci\u00f3n y la data hist\u00f3rica que se maneja actualmente en las organizaciones representan un activo m\u00e1s de la empresa, que debe ser manejado y explotado adecuadamente para obtener el m\u00e1ximo provecho en el proceso de toma de decisiones gerenciales.<\/p>\n<p>Debido a  esto surgen los Sistemas de Almacenes de Datos (Data Warehouses-DW) que permiten, a trav\u00e9s de dise\u00f1os multidimensionales, modelar y almacenar de manera adecuada, la data hist\u00f3rica de la organizaci\u00f3n y, mediante herramientas de consultas apropiadas, extraer informaci\u00f3n valiosa que a simple vista pasa por desapercibida. La misma es la fuente para hacer predicciones, an\u00e1lisis de comportamientos y tomas de decisiones de alto nivel en la organizaci\u00f3n.<\/p>\n<p><strong>Contenido:<\/strong> En este taller se presentar\u00e1n los siguientes puntos: (1) Conceptos b\u00e1sicos del \u00e1rea de Almacenes de Datos, (2) Modelamiento dimensional, (3) Metodolog\u00edas para la construcci\u00f3n de almacenes de datos, (4) Caso pr\u00e1ctico usando una herramienta comercial: Oracle Warehouse Builder y\/o Pentaho.<\/p>\n<p>Este taller ser\u00e1 realizado en dos sesiones:<\/p>\n<ul>\n<li><b>Sesi\u00f3n 1:<\/b> Lunes 09 de mayo 2016, de 2:00 a 6:00 PM<\/li>\n<li><b>Sesi\u00f3n 2:<\/b> Martes 10 de mayo 2016, de 2:00 a 6:00 PM<\/li>\n<\/ul>\n<p> <b>Biograf\u00eda Corta:<\/b> Concettina Di Vasta obtuvo un doctorado en Ciencias, Menci\u00f3n Ciencias de la Computaci\u00f3n, de la UCV, en Marzo 2013. Tiene un mag\u00edster en Ciencias de la Computaci\u00f3n, de la UCV, 2003. Es instructora de Cisco Networking, Academia UCV, a\u00f1o 2002. Tiene una especializaci\u00f3n en Sistemas de Informaci\u00f3n, UCV, 1998. Se desempe\u00f1a como Profesora Asociado, Dedicaci\u00f3n Exclusiva, en la UCV. Coordina la Revista Gerencia de Proyectos en Venezuela. Ha dictado varias asignaturas en la licenciatura en computaci\u00f3n de la UCV: \u201cIntroducci\u00f3n a la Inform\u00e1tica\u201d, \u201cProcesamiento de Datos\u201d, \u201cBase de Datos\u201d, \u201cAdministraci\u00f3n de Base de Datos\u201d, y \u201cAlmacenes de Datos para el Soporte a la Toma de Decisiones\u201d.<br \/>\n&nbsp;<br \/>\n&nbsp;<\/p>\n<p><span style=\"display: block; font-size: 20px; padding: 10px; margin-left: 0; -webkit-border-radius: 4px; border-radius: 4px; color: white; text-shadow: 0 -1px 0 rgba(0, 0, 0, 0.25); background-color: #22b04b; background-image: -moz-linear-gradient(top, #22b04b, #22b04b);\"><a name=\"certificacion-digital\">Seguridad en Servicios Web &#8211; Certificaci\u00f3n Digital<\/a> <br \/> Wilmer Pereira, Universidad Cat\u00f3lica Andr\u00e9s Bello, Venezuela<\/span><\/p>\n<p><strong>Aula:<\/strong> Sala Este de los Laboratorio Docentes, Facultad de Ciencias<\/p>\n<p><strong>Capacidad:<\/strong> 14 personas<\/p>\n<p><strong>Resumen:<\/strong> El objetivo del taller es presentar los principios b\u00e1sicos de criptograf\u00eda de clave p\u00fablica como fundamento para comprender los procesos de cifrado y firma digital que sustenta la infraestructura de certificaci\u00f3n digital.<\/p>\n<p><strong>Contenido:<\/strong> En este taller se presentar\u00e1n los siguientes puntos: (1) Criptograf\u00eda (Principios de b\u00e1sicos de cifrado, Algoritmos de clave sim\u00e9trica y clave p\u00fablica, AES, RSA, Funciones de hash o compendio, MD5, SHA, Firma Digital), (2) Certificados Digitales y Autoridades Certificadoras (Certificados de Servidores, Clientes y software, Arquitectura de las PKI, Ventajas y desventajas de las PKI, Herramientas, gpg, openssl).<\/p>\n<p>Este taller ser\u00e1 realizado en dos sesiones:<\/p>\n<ul>\n<li><b>Sesi\u00f3n 1:<\/b> Lunes 09 de mayo 2016, de 2:00 a 6:00 PM<\/li>\n<li><b>Sesi\u00f3n 2:<\/b> Martes 10 de mayo 2016, de 2:00 a 6:00 PM<\/li>\n<\/ul>\n<p><b>Biograf\u00eda Corta:<\/b> Wilmer Pereira hizo un post-doctorado en la Universidad de Pierre et Marie Curie, Francia. Tiene un doctorado en Inform\u00e1tica (Menci\u00f3n de Honor) en la Universidad de Rennes I, Francia. Es profesor a dedicaci\u00f3n de la Universidad Cat\u00f3lica Andr\u00e9s Bello, y convencional en la Universidad Sim\u00f3n Bol\u00edvar. Es presidente y fundador de la Sociedad Venezolana de Computaci\u00f3n. Ha sido acreditado como investigador por el Programa de Est\u00edmulo al Investigador (PEI) desde Jul\/2011. Pertenece al Comit\u00e9 Editorial de la Revista Venezolana de Computaci\u00f3n (ReVeCom) desde Jul\/2013, y dirige la Revista de la Facultad de Ingenier\u00eda de la UCAB (Tekhn\u00e9) desde Sept\/2008.<\/p>\n","protected":false},"excerpt":{"rendered":"<p>Informaci\u00f3n sobre Talleres y Tutoriales<\/p>\n<p>Si ya ha escogido un taller o tutorial, y que quiere postularse como candidato para asistir a este, haga clic aqu\u00ed. A continuaci\u00f3n se encuentra la lista de los talleres y tutoriales propuestos y organizados por el SCTC 2016:<\/p>\n<p> Miner\u00eda de Datos Creaci\u00f3n de Gr\u00e1ficos Avanzados en R Introducci\u00f3n a [&#8230;]<\/p>\n","protected":false},"author":1,"featured_media":0,"parent":0,"menu_order":0,"comment_status":"closed","ping_status":"closed","template":"","meta":{"footnotes":""},"class_list":["post-369","page","type-page","status-publish","hentry","odd"],"_links":{"self":[{"href":"https:\/\/sctc.org.ve\/2016\/wp-json\/wp\/v2\/pages\/369","targetHints":{"allow":["GET"]}}],"collection":[{"href":"https:\/\/sctc.org.ve\/2016\/wp-json\/wp\/v2\/pages"}],"about":[{"href":"https:\/\/sctc.org.ve\/2016\/wp-json\/wp\/v2\/types\/page"}],"author":[{"embeddable":true,"href":"https:\/\/sctc.org.ve\/2016\/wp-json\/wp\/v2\/users\/1"}],"replies":[{"embeddable":true,"href":"https:\/\/sctc.org.ve\/2016\/wp-json\/wp\/v2\/comments?post=369"}],"version-history":[{"count":63,"href":"https:\/\/sctc.org.ve\/2016\/wp-json\/wp\/v2\/pages\/369\/revisions"}],"predecessor-version":[{"id":619,"href":"https:\/\/sctc.org.ve\/2016\/wp-json\/wp\/v2\/pages\/369\/revisions\/619"}],"wp:attachment":[{"href":"https:\/\/sctc.org.ve\/2016\/wp-json\/wp\/v2\/media?parent=369"}],"curies":[{"name":"wp","href":"https:\/\/api.w.org\/{rel}","templated":true}]}}