{"id":405,"date":"2016-04-13T18:58:45","date_gmt":"2016-04-13T18:58:45","guid":{"rendered":"http:\/\/www.sctc.org.ve\/2016\/?page_id=405"},"modified":"2016-05-12T02:20:13","modified_gmt":"2016-05-12T02:20:13","slug":"ponencias","status":"publish","type":"page","link":"https:\/\/sctc.org.ve\/2016\/ponencias\/","title":{"rendered":"Ponencias del SCTC 2016"},"content":{"rendered":"<p><span style=\"display: block; font-size: 20px; padding: 10px; margin-left: 0; -webkit-border-radius: 4px; border-radius: 4px; color: white; text-shadow: 0 -1px 0 rgba(0, 0, 0, 0.25); background-color: #22b04b; background-image: -moz-linear-gradient(top, #22b04b, #22b04b);\">Ponencias del SCTC 2016<\/span><br \/>\n&nbsp;<\/p>\n<h4>Martes 10 de mayo de 2016 de 08:30 AM a 10:30 AM (Bloque 1)<\/h4>\n<table style=\"margin: 0px auto; width: 100%;\" border=\"0\">\n<tbody>\n<tr style=\"height: 30px;\">\n<td style=\"text-align: center; width: 10%;\"><strong>Identificador Contribuci\u00f3n<\/strong><\/td>\n<td style=\"text-align: center; width: 65%;\"><strong>T\u00edtulo de la Contribuci\u00f3n<\/strong><\/td>\n<td style=\"text-align: center; width: 7%;\"><strong>Lugar<\/strong><\/td>\n<td style=\"text-align: center; width: 18%;\"><strong>Horario<\/strong><\/td>\n<\/tr>\n<tr style=\"height: 30px;\">\n<td style=\"text-align: center;\">1<\/td>\n<td><strong>El Proceso de Desarrollo RUP-GDIS<\/strong><br \/>\nChristiane Metzner, Norelva Ni\u00f1o<\/td>\n<td style=\"text-align: center;\">ATL<\/td>\n<td style=\"text-align: center;\">08:30 &#8211; 08:50<\/td>\n<\/tr>\n<tr style=\"height: 30px;\">\n<td style=\"text-align: center;\">11<\/td>\n<td><strong>Ontolog\u00eda para Apoyar al Sector Turismo en Venezuela<\/strong><br \/>\nRoxydel Dulcey, Esmeralda Ramos<\/td>\n<td style=\"text-align: center;\">ATL<\/td>\n<td style=\"text-align: center;\">08:55 &#8211; 09:15<\/td>\n<\/tr>\n<tr style=\"height: 30px;\">\n<td style=\"text-align: center;\">5<\/td>\n<td><strong>Reference Architecture Representation by an Ontology for Healthcare Information Systems Software Product Line<\/strong><br \/>\nFrancisca Losavio, Oscar Ordaz<\/td>\n<td style=\"text-align: center;\">ATL<\/td>\n<td style=\"text-align: center;\">09:20 &#8211; 09:40<\/td>\n<\/tr>\n<tr style=\"height: 30px;\">\n<td style=\"text-align: center;\">4<\/td>\n<td><strong>Product Line Scoping for Healthcare Information Systems Using the ISO\/IEC 26550 Reference Model<\/strong><br \/>\nJuan Herrera, Francisca Losavio, Oscar Ordaz<\/td>\n<td style=\"text-align: center;\">ATL<\/td>\n<td style=\"text-align: center;\">09:45 &#8211; 10:05<\/td>\n<\/tr>\n<tr style=\"height: 30px;\">\n<td style=\"text-align: center;\">17<\/td>\n<td><strong>Metamodelo del Proceso de Incubaci\u00f3n de Empresas: Componente Modelo de Negocio<\/strong><br \/>\nYusneyi Carballo, Alberto Nichols<\/td>\n<td style=\"text-align: center;\">ATL<\/td>\n<td style=\"text-align: center;\">10:10 &#8211; 10:30<\/td>\n<\/tr>\n<tr><\/tr>\n<\/tbody>\n<\/table>\n<p>&nbsp;<\/p>\n<h4>Martes 10 de mayo de 2016 de 11:00 AM a 12:15 PM (Bloque 2)<\/h4>\n<table style=\"margin: 0px auto; width: 100%;\" border=\"0\">\n<tbody>\n<tr \/>\n<tr style=\"height: 30px;\">\n<td style=\"text-align: center; width: 10%;\"><strong>Identificador Contribuci\u00f3n<\/strong><\/td>\n<td style=\"text-align: center; width: 65%;\"><strong>T\u00edtulo de la Contribuci\u00f3n<\/strong><\/td>\n<td style=\"text-align: center; width: 7%;\"><strong>Lugar<\/strong><\/td>\n<td style=\"text-align: center; width: 18%;\"><strong>Horario<\/strong><\/td>\n<\/tr>\n<tr style=\"height: 30px;\">\n<td style=\"text-align: center;\">18<\/td>\n<td><strong>Block-based Migration from HTML4 Standard to HTML5 Standard in the Context of Web Archives<\/strong><br \/>\nAndr\u00e9s Sanoja, St\u00e9phane Gan\u00e7arski<\/td>\n<td style=\"text-align: center;\">ATL<\/td>\n<td style=\"text-align: center;\">11:00 &#8211; 11:20<\/td>\n<\/tr>\n<tr style=\"height: 30px;\">\n<td style=\"text-align: center;\">6<\/td>\n<td><strong>A Simple Diffusion Model for Assessing the Effects of Attacks on Networks Partitioned in Communities<\/strong><br \/>\nJos\u00e9 Moronta, Claudio Rocco<\/td>\n<td style=\"text-align: center;\">ATL<\/td>\n<td style=\"text-align: center;\">11:25 &#8211; 11:45<\/td>\n<\/tr>\n<tr style=\"height: 30px;\">\n<td style=\"text-align: center;\">19<\/td>\n<td><strong>Comparaci\u00f3n Cualitativa del Desempe\u00f1o de la Aplicaci\u00f3n del Control Predictivo Basado en Modelo (CPBM) y el PID para el Control de Nivel en Pozos<\/strong><br \/>\nEgner Aceros, Edgar Camargo, Osmer Parabavire<\/td>\n<td style=\"text-align: center;\">ATL<\/td>\n<td style=\"text-align: center;\">11:50 &#8211; 12:10<\/td>\n<\/tr>\n<\/tbody>\n<\/table>\n<p>&nbsp;<\/p>\n<h4>Mi\u00e9rcoles 11 de mayo de 2016 de 08:30 AM a 10:30 AM (Bloque 3)<\/h4>\n<table style=\"margin: 0px auto; width: 100%;\" border=\"0\">\n<tbody>\n<tr style=\"height: 30px;\">\n<td style=\"text-align: center; width: 10%;\"><strong>Identificador Contribuci\u00f3n<\/strong><\/td>\n<td style=\"text-align: center; width: 65%;\"><strong>T\u00edtulo de la Contribuci\u00f3n<\/strong><\/td>\n<td style=\"text-align: center; width: 7%;\"><strong>Lugar<\/strong><\/td>\n<td style=\"text-align: center; width: 18%;\"><strong>Horario<\/strong><\/td>\n<\/tr>\n<tr style=\"height: 30px;\">\n<td style=\"text-align: center;\">22<\/td>\n<td><strong>Evaluation of Point-to-Point Network Performance of HPC Clusters at the Level of UDP, TCP, and MPI<\/strong><br \/>\nEric Gamess, Humberto Ortiz-Zuazaga<\/td>\n<td style=\"text-align: center;\">AMB<\/td>\n<td style=\"text-align: center;\">08:55 \u2013 09:15<\/td>\n<\/tr>\n<tr style=\"height: 30px;\">\n<td style=\"text-align: center;\">20<\/td>\n<td><strong>M\u00e1quina de Estado Finito para Soportar el Intercambio de Mensajes en el Protocolo de Se\u00f1alizaci\u00f3n de la Capa ISUP, del Sistema SAT-ISUPSS7<\/strong><br \/>\nAna Morales, Antonio Silva, Ricardo Guti\u00e9rrez<\/td>\n<td style=\"text-align: center;\">AMB<\/td>\n<td style=\"text-align: center;\">09:20 \u2013 09:40<\/td>\n<\/tr>\n<tr style=\"height: 30px;\">\n<td style=\"text-align: center;\">2<\/td>\n<td><strong>Metodolog\u00eda para la Evaluaci\u00f3n de Soluciones Integradas de Software<\/strong><br \/>\nNancy Urbina, Christiane Metzner, Norelva Ni\u00f1o<\/td>\n<td style=\"text-align: center;\">AMB<\/td>\n<td style=\"text-align: center;\">09:45 \u2013 10:05<\/td>\n<\/tr>\n<tr style=\"height: 30px;\">\n<td style=\"text-align: center;\">15<\/td>\n<td><strong>Modelado del Negocio como T\u00e9cnica Centrada en la Calidad del Software para el An\u00e1lisis del Dominio del Aprendizaje Electr\u00f3nico<\/strong><br \/>\nFrancisca Losavio, Yuly Esteves<\/td>\n<td style=\"text-align: center;\">AMB<\/td>\n<td style=\"text-align: center;\">10:10 &#8211; 10:30<\/td>\n<\/tr>\n<\/tbody>\n<\/table>\n<p>&nbsp;<\/p>\n<h4>Mi\u00e9rcoles 11 de mayo de 2016 de 11:00 AM a 12:15 PM (Bloque 4)<\/h4>\n<table style=\"margin: 0px auto; width: 100%;\" border=\"0\">\n<tbody>\n<tr \/>\n<tr style=\"height: 30px;\">\n<td style=\"text-align: center; width: 10%;\"><strong>Identificador Contribuci\u00f3n<\/strong><\/td>\n<td style=\"text-align: center; width: 65%;\"><strong>T\u00edtulo de la Contribuci\u00f3n<\/strong><\/td>\n<td style=\"text-align: center; width: 7%;\"><strong>Lugar<\/strong><\/td>\n<td style=\"text-align: center; width: 18%;\"><strong>Horario<\/strong><\/td>\n<\/tr>\n<tr style=\"height: 30px;\">\n<td style=\"text-align: center;\">12<\/td>\n<td><strong>NxtAR: Un Sistema de Control para Robots M\u00f3viles Basado en Realidad Aumentada<\/strong><br \/>\nMiguel Astor, Walter Hern\u00e1ndez, David P\u00e9rez<\/td>\n<td style=\"text-align: center;\">AMB<\/td>\n<td style=\"text-align: center;\">11:00 &#8211; 11:20<\/td>\n<\/tr>\n<tr style=\"height: 30px;\">\n<td style=\"text-align: center;\">14<\/td>\n<td><strong>HoloMed: Sistema Hologr\u00e1fico de Bajo Costo Basado en Gestos para la Ense\u00f1anza del Proceso de Parto Eut\u00f3cico Simple<\/strong><br \/>\nJuan Perozo, Mimia Lo Leung, Esmitt Ram\u00edrez<\/td>\n<td style=\"text-align: center;\">AMB<\/td>\n<td style=\"text-align: center;\">11:25 &#8211; 11:45<\/td>\n<\/tr>\n<tr style=\"height: 30px;\">\n<td style=\"text-align: center;\">7<\/td>\n<td><strong>Dise\u00f1o de un Sistema Inm\u00f3tico Mediante el Uso del Sistema Embebido Intel Galileo<\/strong><br \/>\nLuis G\u00fcette, Mercedes Arocha<\/td>\n<td style=\"text-align: center;\">AMB<\/td>\n<td style=\"text-align: center;\">11:50 &#8211; 12:10<\/td>\n<\/tr>\n<\/tbody>\n<\/table>\n","protected":false},"excerpt":{"rendered":"<p>Ponencias del SCTC 2016 &nbsp;<\/p>\n<p> Martes 10 de mayo de 2016 de 08:30 AM a 10:30 AM (Bloque 1) Identificador Contribuci\u00f3n T\u00edtulo de la Contribuci\u00f3n Lugar Horario 1 El Proceso de Desarrollo RUP-GDIS Christiane Metzner, Norelva Ni\u00f1o ATL 08:30 &#8211; 08:50 11 Ontolog\u00eda para Apoyar al Sector Turismo en Venezuela Roxydel Dulcey, Esmeralda Ramos ATL [&#8230;]<\/p>\n","protected":false},"author":1,"featured_media":0,"parent":0,"menu_order":0,"comment_status":"closed","ping_status":"closed","template":"","meta":{"footnotes":""},"class_list":["post-405","page","type-page","status-publish","hentry","odd"],"_links":{"self":[{"href":"https:\/\/sctc.org.ve\/2016\/wp-json\/wp\/v2\/pages\/405","targetHints":{"allow":["GET"]}}],"collection":[{"href":"https:\/\/sctc.org.ve\/2016\/wp-json\/wp\/v2\/pages"}],"about":[{"href":"https:\/\/sctc.org.ve\/2016\/wp-json\/wp\/v2\/types\/page"}],"author":[{"embeddable":true,"href":"https:\/\/sctc.org.ve\/2016\/wp-json\/wp\/v2\/users\/1"}],"replies":[{"embeddable":true,"href":"https:\/\/sctc.org.ve\/2016\/wp-json\/wp\/v2\/comments?post=405"}],"version-history":[{"count":42,"href":"https:\/\/sctc.org.ve\/2016\/wp-json\/wp\/v2\/pages\/405\/revisions"}],"predecessor-version":[{"id":687,"href":"https:\/\/sctc.org.ve\/2016\/wp-json\/wp\/v2\/pages\/405\/revisions\/687"}],"wp:attachment":[{"href":"https:\/\/sctc.org.ve\/2016\/wp-json\/wp\/v2\/media?parent=405"}],"curies":[{"name":"wp","href":"https:\/\/api.w.org\/{rel}","templated":true}]}}