{"id":470,"date":"2016-04-14T17:28:42","date_gmt":"2016-04-14T17:28:42","guid":{"rendered":"http:\/\/www.sctc.org.ve\/2016\/?page_id=470"},"modified":"2016-10-21T01:37:24","modified_gmt":"2016-10-21T01:37:24","slug":"memorias","status":"publish","type":"page","link":"https:\/\/sctc.org.ve\/2016\/memorias\/","title":{"rendered":"Memorias del SCTC 2016"},"content":{"rendered":"<p><span style=\"display: block; font-size: 20px; padding: 10px; margin-left: 0; -webkit-border-radius: 4px; border-radius: 4px; color: white; text-shadow: 0 -1px 0 rgba(0, 0, 0, 0.25); background-color: #22b04b; background-image: -moz-linear-gradient(top, #22b04b, #22b04b);\">Memorias del SCTC 2016<\/span><\/p>\n<p>En esta p\u00e1gina, se encuentran las memorias del SCTC 2016. <\/p>\n<h4>Contribuci\u00f3n por Separada<\/h4>\n<table style=\"margin: 0px auto; width: 100%;\" border=\"0\">\n<tbody>\n<tr style=\"height: 30px;\">\n<td style=\"text-align: center; width: 10%;\"><strong>N\u00famero<\/strong><\/td>\n<td style=\"text-align: center; width: 75%;\"><strong>Contribuci\u00f3n<\/strong><\/td>\n<td style=\"text-align: center; width: 15%;\"><strong>P\u00e1ginas<\/strong><\/td>\n<\/tr>\n<tr style=\"height: 30px;\">\n<td style=\"text-align: center;\">1.1<\/td>\n<td style=\"text-align: left;\"><strong>El Proceso de Desarrollo RUP-GDIS<\/strong><br \/>\nChristiane Metzner, Norelva Ni\u00f1o<\/td>\n<td style=\"text-align: center;\"><a href=\"http:\/\/www.sctc.org.ve\/memorias\/SCTC2016\/SCTC2016-p002-011.pdf\" target=\"_blank\">2-11<\/a><\/td>\n<\/tr>\n<tr style=\"height: 30px;\">\n<td style=\"text-align: center;\">1.2<\/td>\n<td style=\"text-align: left;\"><strong>Metodolog\u00eda para la Evaluaci\u00f3n de Soluciones Integradas de Software<\/strong><br \/>\nNancy Urbina, Christiane Metzner, Norelva Ni\u00f1o<\/td>\n<td style=\"text-align: center;\"><a href=\"http:\/\/www.sctc.org.ve\/memorias\/SCTC2016\/SCTC2016-p012-019.pdf\" target=\"_blank\">12-19<\/a><\/td>\n<\/tr>\n<tr style=\"height: 30px;\">\n<td style=\"text-align: center;\">1.3<\/td>\n<td style=\"text-align: left;\"><strong>Reference Architecture Representation by an Ontology for Healthcare Information Systems Software Product Line<\/strong><br \/>\nFrancisca Losavio, Oscar Ordaz<\/td>\n<td style=\"text-align: center;\"><a href=\"http:\/\/www.sctc.org.ve\/memorias\/SCTC2016\/SCTC2016-p020-032.pdf\" target=\"_blank\">20-32<\/a><\/td>\n<\/tr>\n<tr style=\"height: 30px;\">\n<td style=\"text-align: center;\">1.4<\/td>\n<td style=\"text-align: left;\"><strong>Product Line Scoping for Healthcare Information Systems Using the ISO\/IEC 26550 Reference Model<\/strong><br \/>\nJuan Herrera, Francisca Losavio, Oscar Ordaz<\/td>\n<td style=\"text-align: center;\"><a href=\"http:\/\/www.sctc.org.ve\/memorias\/SCTC2016\/SCTC2016-p033-046.pdf\" target=\"_blank\">33-46<\/a><\/td>\n<\/tr>\n<tr style=\"height: 30px;\">\n<td style=\"text-align: center;\">1.5<\/td>\n<td style=\"text-align: left;\"><strong>Modelado del Negocio como T\u00e9cnica Centrada en la Calidad del Software para el An\u00e1lisis del Dominio del Aprendizaje Electr\u00f3nico<\/strong><br \/>\nFrancisca Losavio, Yuly Esteves<\/td>\n<td style=\"text-align: center;\"><a href=\"http:\/\/www.sctc.org.ve\/memorias\/SCTC2016\/SCTC2016-p047-058.pdf\" target=\"_blank\">47-58<\/a><\/td>\n<\/tr>\n<tr style=\"height: 30px;\">\n<td style=\"text-align: center;\">1.6<\/td>\n<td style=\"text-align: left;\"><strong>Metamodelo del Proceso de Incubaci\u00f3n de Empresas: Componente Modelo de Negocio<\/strong><br \/>\nYusneyi Carballo, Alberto Nichols<\/td>\n<td style=\"text-align: center;\"><a href=\"http:\/\/www.sctc.org.ve\/memorias\/SCTC2016\/SCTC2016-p059-070.pdf\" target=\"_blank\">59-70<\/a><\/td>\n<\/tr>\n<tr style=\"height: 30px;\">\n<td style=\"text-align: center;\">2.1<\/td>\n<td style=\"text-align: left;\"><strong>Block-based Migration from HTML4 Standard to HTML5 Standard in the Context of Web Archives<\/strong><br \/>\nAndr\u00e9s Sanoja, St\u00e9phane Gan\u00e7arski<\/td>\n<td style=\"text-align: center;\"><a href=\"http:\/\/www.sctc.org.ve\/memorias\/SCTC2016\/SCTC2016-p072-086.pdf\" target=\"_blank\">72-86<\/a><\/td>\n<\/tr>\n<tr style=\"height: 30px;\">\n<td style=\"text-align: center;\">3.1<\/td>\n<td style=\"text-align: left;\"><strong>Comparaci\u00f3n Cualitativa del Desempe\u00f1o de la Aplicaci\u00f3n del Control Predictivo Basado en Modelo (CPBM) y el PID para el Control de Nivel en Pozos<\/strong><br \/>\nEgner Aceros, Edgar Camargo, Osmer Parabavire<\/td>\n<td style=\"text-align: center;\"><a href=\"http:\/\/www.sctc.org.ve\/memorias\/SCTC2016\/SCTC2016-p088-094.pdf\" target=\"_blank\">88-94<\/a><\/td>\n<\/tr>\n<tr style=\"height: 30px;\">\n<td style=\"text-align: center;\">4.1<\/td>\n<td style=\"text-align: left;\"><strong>Ontolog\u00eda para Apoyar al Sector Turismo en Venezuela<\/strong><br \/>\nRoxydel Dulcey, Esmeralda Ramos<\/td>\n<td style=\"text-align: center;\"><a href=\"http:\/\/www.sctc.org.ve\/memorias\/SCTC2016\/SCTC2016-p096-107.pdf\" target=\"_blank\">96-107<\/a><\/td>\n<\/tr>\n<tr style=\"height: 30px;\">\n<td style=\"text-align: center;\">4.2<\/td>\n<td style=\"text-align: left;\"><strong>A Simple Diffusion Model for Assessing the Effects of Attacks on Networks Partitioned in Communities<\/strong><br \/>\nJos\u00e9 Moronta, Claudio Rocco<\/td>\n<td style=\"text-align: center;\"><a href=\"http:\/\/www.sctc.org.ve\/memorias\/SCTC2016\/SCTC2016-p108-114.pdf\" target=\"_blank\">108-114<\/a><\/td>\n<\/tr>\n<tr style=\"height: 30px;\">\n<td style=\"text-align: center;\">5.1<\/td>\n<td style=\"text-align: left;\"><strong>Evaluation of Point-to-Point Network Performance of HPC Clusters at the Level of UDP, TCP, and MPI<\/strong><br \/>\nEric Gamess, Humberto Ortiz-Zuazaga<\/td>\n<td style=\"text-align: center;\"><a href=\"http:\/\/www.sctc.org.ve\/memorias\/SCTC2016\/SCTC2016-p116-122.pdf\" target=\"_blank\">116-122<\/a><\/td>\n<\/tr>\n<tr style=\"height: 30px;\">\n<td style=\"text-align: center;\">5.2<\/td>\n<td style=\"text-align: left;\"><strong>M\u00e1quina de Estado Finito para Soportar el Intercambio de Mensajes en el Protocolo de Se\u00f1alizaci\u00f3n de la Capa ISUP, del Sistema SAT-ISUPSS7<\/strong><br \/>\nAna Morales, Antonio Silva, Ricardo Guti\u00e9rrez<\/td>\n<td style=\"text-align: center;\"><a href=\"http:\/\/www.sctc.org.ve\/memorias\/SCTC2016\/SCTC2016-p123-131.pdf\" target=\"_blank\">123-131<\/a><\/td>\n<\/tr>\n<tr style=\"height: 30px;\">\n<td style=\"text-align: center;\">6.1<\/td>\n<td style=\"text-align: left;\"><strong>Dise\u00f1o de un Sistema Inm\u00f3tico Mediante el Uso del Sistema Embebido Intel Galileo<\/strong><br \/>\nLuis G\u00fcette, Mercedes Arocha<\/td>\n<td style=\"text-align: center;\"><a href=\"http:\/\/www.sctc.org.ve\/memorias\/SCTC2016\/SCTC2016-p133-146.pdf\" target=\"_blank\">133-146<\/a><\/td>\n<\/tr>\n<tr style=\"height: 30px;\">\n<td style=\"text-align: center;\">6.2<\/td>\n<td style=\"text-align: left;\"><strong>NxtAR: Un Sistema de Control para Robots M\u00f3viles Basado en Realidad Aumentada<\/strong><br \/>\nMiguel Astor, Walter Hern\u00e1ndez, David P\u00e9rez<\/td>\n<td style=\"text-align: center;\"><a href=\"http:\/\/www.sctc.org.ve\/memorias\/SCTC2016\/SCTC2016-p147-159.pdf\" target=\"_blank\">147-159<\/a><\/td>\n<\/tr>\n<tr style=\"height: 30px;\">\n<td style=\"text-align: center;\">6.3<\/td>\n<td style=\"text-align: left;\"><strong>HoloMed: Sistema Hologr\u00e1fico de Bajo Costo Basado en Gestos para la Ense\u00f1anza del Proceso de Parto Eut\u00f3cico Simple<\/strong><br \/>\nJuan Perozo, Mimia Lo Leung, Esmitt Ram\u00edrez<\/td>\n<td style=\"text-align: center;\"><a href=\"http:\/\/www.sctc.org.ve\/memorias\/SCTC2016\/SCTC2016-p160-168.pdf\" target=\"_blank\">160-168<\/a><\/td>\n<\/tr>\n<\/tbody>\n<\/table>\n<p>&nbsp;<\/p>\n<h4>Archivos Adicionales<\/h4>\n<table style=\"margin: 0px auto; width: 100%;\" border=\"0\">\n<tbody>\n<tr style=\"height: 30px;\">\n<td style=\"text-align: left;\"><strong>Informaci\u00f3n<\/strong><\/td>\n<td style=\"text-align: right;\"><strong>Archivo<\/strong><\/td>\n<\/tr>\n<tr style=\"height: 30px;\">\n<td style=\"text-align: left;\">Volumen Completo<\/td>\n<td style=\"text-align: right;\"><a href=\"http:\/\/www.sctc.org.ve\/memorias\/SCTC2016\/SCTC2016-full-proceedings.pdf\" target=\"_blank\">enlace<\/a><\/td>\n<\/tr>\n<tr style=\"height: 30px;\">\n<td style=\"text-align: left;\">Cubierta<\/td>\n<td style=\"text-align: right;\"><a href=\"http:\/\/www.sctc.org.ve\/memorias\/SCTC2016\/SCTC2016-front-cover.pdf\" target=\"_blank\">enlace<\/a><\/td>\n<\/tr>\n<tr style=\"height: 30px;\">\n<td style=\"text-align: left;\">Primera P\u00e1gina<\/td>\n<td style=\"text-align: right;\"><a href=\"http:\/\/www.sctc.org.ve\/memorias\/SCTC2016\/SCTC2016-first-page.pdf\" target=\"_blank\">enlace<\/a><\/td>\n<\/tr>\n<tr style=\"height: 30px;\">\n<td style=\"text-align: left;\">Comit\u00e9 de Programa<\/td>\n<td style=\"text-align: right;\"><a href=\"http:\/\/www.sctc.org.ve\/memorias\/SCTC2016\/SCTC2016-program-committee.pdf\" target=\"_blank\">enlace<\/a><\/td>\n<\/tr>\n<tr style=\"height: 30px;\">\n<td style=\"text-align: left;\">Comit\u00e9 Organizador<\/td>\n<td style=\"text-align: right;\"><a href=\"http:\/\/www.sctc.org.ve\/memorias\/SCTC2016\/SCTC2016-organization-committee.pdf\" target=\"_blank\">enlace<\/a><\/td>\n<\/tr>\n<tr style=\"height: 30px;\">\n<td style=\"text-align: left;\">Tabla de Contenido<\/td>\n<td style=\"text-align: right;\"><a href=\"http:\/\/www.sctc.org.ve\/memorias\/SCTC2016\/SCTC2016-ToC.pdf\" target=\"_blank\">enlace<\/a><\/td>\n<\/tr>\n<tr style=\"height: 30px;\">\n<td style=\"text-align: left;\">\u00cdndice de Autores<\/td>\n<td style=\"text-align: right;\"><a href=\"http:\/\/www.sctc.org.ve\/memorias\/SCTC2016\/SCTC2016-authors.pdf\" target=\"_blank\">enlace<\/a><\/td>\n<\/tr>\n<\/tbody>\n<\/table>\n","protected":false},"excerpt":{"rendered":"<p>Memorias del SCTC 2016<\/p>\n<p>En esta p\u00e1gina, se encuentran las memorias del SCTC 2016. <\/p>\n<p> Contribuci\u00f3n por Separada N\u00famero Contribuci\u00f3n P\u00e1ginas 1.1 El Proceso de Desarrollo RUP-GDIS Christiane Metzner, Norelva Ni\u00f1o 2-11 1.2 Metodolog\u00eda para la Evaluaci\u00f3n de Soluciones Integradas de Software Nancy Urbina, Christiane Metzner, Norelva Ni\u00f1o 12-19 1.3 Reference Architecture Representation by an [&#8230;]<\/p>\n","protected":false},"author":1,"featured_media":0,"parent":0,"menu_order":0,"comment_status":"closed","ping_status":"closed","template":"","meta":{"footnotes":""},"class_list":["post-470","page","type-page","status-publish","hentry","odd"],"_links":{"self":[{"href":"https:\/\/sctc.org.ve\/2016\/wp-json\/wp\/v2\/pages\/470","targetHints":{"allow":["GET"]}}],"collection":[{"href":"https:\/\/sctc.org.ve\/2016\/wp-json\/wp\/v2\/pages"}],"about":[{"href":"https:\/\/sctc.org.ve\/2016\/wp-json\/wp\/v2\/types\/page"}],"author":[{"embeddable":true,"href":"https:\/\/sctc.org.ve\/2016\/wp-json\/wp\/v2\/users\/1"}],"replies":[{"embeddable":true,"href":"https:\/\/sctc.org.ve\/2016\/wp-json\/wp\/v2\/comments?post=470"}],"version-history":[{"count":47,"href":"https:\/\/sctc.org.ve\/2016\/wp-json\/wp\/v2\/pages\/470\/revisions"}],"predecessor-version":[{"id":695,"href":"https:\/\/sctc.org.ve\/2016\/wp-json\/wp\/v2\/pages\/470\/revisions\/695"}],"wp:attachment":[{"href":"https:\/\/sctc.org.ve\/2016\/wp-json\/wp\/v2\/media?parent=470"}],"curies":[{"name":"wp","href":"https:\/\/api.w.org\/{rel}","templated":true}]}}