{"id":513,"date":"2016-04-15T19:14:03","date_gmt":"2016-04-15T19:14:03","guid":{"rendered":"http:\/\/www.sctc.org.ve\/2016\/?page_id=513"},"modified":"2016-04-27T02:16:14","modified_gmt":"2016-04-27T02:16:14","slug":"registro","status":"publish","type":"page","link":"https:\/\/sctc.org.ve\/2016\/registro\/","title":{"rendered":"Registro"},"content":{"rendered":"<p><span style=\"display: block; font-size: 20px; padding: 10px; margin-left: 0; -webkit-border-radius: 4px; border-radius: 4px; color: white; text-shadow: 0 -1px 0 rgba(0, 0, 0, 0.25); background-color: #22b04b; background-image: -moz-linear-gradient(top, #22b04b, #22b04b);\">Registro General al SCTC 2016<\/span><\/p>\n<p>Fiel a la filosof\u00eda que ha animado el SCTC desde hace varios a\u00f1os, todas las actividades relacionadas con el SCTC 2016 son ofrecidas sin costo para el p\u00fablico, ya que para los organizadores del SCTC, es primordial que la transferencia del conocimiento sea libre y se haga sin costo. Eso incluye tambi\u00e9n a los autores de contribuciones aceptadas en el SCTC 2016 que no tienen costo de registro.<\/p>\n<p>Sin embargo, recordamos que los trabajos aceptados deben ser presentados por uno de los autores durante el simposio para que estos sean incluidos en las memorias y la p\u00e1gina web del SCTC, y con este fin, los autores deben enviar un email a <a href=\"mailto: info@sctc.org.ve\">info@sctc.org.ve<\/a> notificando cu\u00e1l autor presentar\u00e1 la contribuci\u00f3n.<\/p>\n","protected":false},"excerpt":{"rendered":"<p>Registro General al SCTC 2016<\/p>\n<p>Fiel a la filosof\u00eda que ha animado el SCTC desde hace varios a\u00f1os, todas las actividades relacionadas con el SCTC 2016 son ofrecidas sin costo para el p\u00fablico, ya que para los organizadores del SCTC, es primordial que la transferencia del conocimiento sea libre y se haga sin costo. Eso [&#8230;]<\/p>\n","protected":false},"author":1,"featured_media":0,"parent":0,"menu_order":0,"comment_status":"closed","ping_status":"closed","template":"","meta":{"footnotes":""},"class_list":["post-513","page","type-page","status-publish","hentry","odd"],"_links":{"self":[{"href":"https:\/\/sctc.org.ve\/2016\/wp-json\/wp\/v2\/pages\/513","targetHints":{"allow":["GET"]}}],"collection":[{"href":"https:\/\/sctc.org.ve\/2016\/wp-json\/wp\/v2\/pages"}],"about":[{"href":"https:\/\/sctc.org.ve\/2016\/wp-json\/wp\/v2\/types\/page"}],"author":[{"embeddable":true,"href":"https:\/\/sctc.org.ve\/2016\/wp-json\/wp\/v2\/users\/1"}],"replies":[{"embeddable":true,"href":"https:\/\/sctc.org.ve\/2016\/wp-json\/wp\/v2\/comments?post=513"}],"version-history":[{"count":9,"href":"https:\/\/sctc.org.ve\/2016\/wp-json\/wp\/v2\/pages\/513\/revisions"}],"predecessor-version":[{"id":590,"href":"https:\/\/sctc.org.ve\/2016\/wp-json\/wp\/v2\/pages\/513\/revisions\/590"}],"wp:attachment":[{"href":"https:\/\/sctc.org.ve\/2016\/wp-json\/wp\/v2\/media?parent=513"}],"curies":[{"name":"wp","href":"https:\/\/api.w.org\/{rel}","templated":true}]}}