{"id":517,"date":"2016-04-21T01:25:02","date_gmt":"2016-04-21T01:25:02","guid":{"rendered":"http:\/\/www.sctc.org.ve\/2016\/?page_id=517"},"modified":"2016-04-21T02:01:48","modified_gmt":"2016-04-21T02:01:48","slug":"postulacion-talleres-y-tutoriales","status":"publish","type":"page","link":"https:\/\/sctc.org.ve\/2016\/postulacion-talleres-y-tutoriales\/","title":{"rendered":"Postulaci\u00f3n a Talleres y Tutoriales"},"content":{"rendered":"<p><span style=\"display: block; font-size: 20px; padding: 10px; margin-left: 0; -webkit-border-radius: 4px; border-radius: 4px; color: white; text-shadow: 0 -1px 0 rgba(0, 0, 0, 0.25); background-color: #22b04b; background-image: -moz-linear-gradient(top, #22b04b, #22b04b);\">Postulaci\u00f3n a Talleres y Tutoriales<\/span><\/p>\n<p>Fiel a su filosof\u00eda, los talleres y tutoriales del SCTC 2016 son ofrecidos sin costo, ya que para los organizadores del SCTC, es primordial que la transferencia del conocimiento sea libre y se haga sin costo.<\/p>\n<p>Invitamos a todos los interesados en alg\u00fan taller o tutorial a llenar el formulario de postulaci\u00f3n haciendo clic <a href=\"https:\/\/docs.google.com\/forms\/d\/1J9PstL8OHPx0zdYjx46t09C5yz148l2ixMB3C_gcDWg\/viewform\" target=\"_blank\">aqu\u00ed<\/a>. Es importante saber que el hecho de llenar y someter el formulario no garantiza la participaci\u00f3n en el taller o el tutorial, ya que est\u00e1n asociados a un cupo. Una vez que se cerrar\u00e1 el periodo de postulaci\u00f3n, se proceder\u00e1 a la selecci\u00f3n, y se notificar\u00e1 por email de la decisi\u00f3n.<\/p>\n<p>En caso que haya resultado seleccionado y que por alg\u00fan motivo no pueda asistir, es importante que escriba a la profesora Mercy Ospina (<a href=\"mailto: mercy05@gmail.com\">mercy05@gmail.com<\/a>) informando de la situaci\u00f3n para que el cupo sea asignado a otro candidato.<\/p>\n","protected":false},"excerpt":{"rendered":"<p>Postulaci\u00f3n a Talleres y Tutoriales<\/p>\n<p>Fiel a su filosof\u00eda, los talleres y tutoriales del SCTC 2016 son ofrecidos sin costo, ya que para los organizadores del SCTC, es primordial que la transferencia del conocimiento sea libre y se haga sin costo.<\/p>\n<p>Invitamos a todos los interesados en alg\u00fan taller o tutorial a llenar el formulario [&#8230;]<\/p>\n","protected":false},"author":1,"featured_media":0,"parent":0,"menu_order":0,"comment_status":"closed","ping_status":"closed","template":"","meta":{"footnotes":""},"class_list":["post-517","page","type-page","status-publish","hentry","odd"],"_links":{"self":[{"href":"https:\/\/sctc.org.ve\/2016\/wp-json\/wp\/v2\/pages\/517","targetHints":{"allow":["GET"]}}],"collection":[{"href":"https:\/\/sctc.org.ve\/2016\/wp-json\/wp\/v2\/pages"}],"about":[{"href":"https:\/\/sctc.org.ve\/2016\/wp-json\/wp\/v2\/types\/page"}],"author":[{"embeddable":true,"href":"https:\/\/sctc.org.ve\/2016\/wp-json\/wp\/v2\/users\/1"}],"replies":[{"embeddable":true,"href":"https:\/\/sctc.org.ve\/2016\/wp-json\/wp\/v2\/comments?post=517"}],"version-history":[{"count":9,"href":"https:\/\/sctc.org.ve\/2016\/wp-json\/wp\/v2\/pages\/517\/revisions"}],"predecessor-version":[{"id":531,"href":"https:\/\/sctc.org.ve\/2016\/wp-json\/wp\/v2\/pages\/517\/revisions\/531"}],"wp:attachment":[{"href":"https:\/\/sctc.org.ve\/2016\/wp-json\/wp\/v2\/media?parent=517"}],"curies":[{"name":"wp","href":"https:\/\/api.w.org\/{rel}","templated":true}]}}