{"id":55,"date":"2015-09-14T23:49:37","date_gmt":"2015-09-14T23:49:37","guid":{"rendered":"http:\/\/www.sctc.org.ve\/2016\/?page_id=55"},"modified":"2016-04-27T03:04:15","modified_gmt":"2016-04-27T03:04:15","slug":"comite-de-programa","status":"publish","type":"page","link":"https:\/\/sctc.org.ve\/2016\/comite-de-programa\/","title":{"rendered":"Comit\u00e9 de Programa"},"content":{"rendered":"<p><span style=\"display: block; font-size: 20px; padding: 10px; margin-left: 0; -webkit-border-radius: 4px; border-radius: 4px; color: white; text-shadow: 0 -1px 0 rgba(0, 0, 0, 0.25); background-color: #22b04b; background-image: -moz-linear-gradient(top, #22b04b, #22b04b);\">Comit\u00e9 de Programa<\/span><\/p>\n<h4>Chairs del Comit\u00e9 de Programa<\/h4>\n<table style=\"margin: 0px auto; width: 100%;\" border=\"0\">\n<tbody>\n<tr>\n<td><strong>Eric Gamess<\/strong><\/td>\n<td style=\"text-align: right;\">Universidad Central de Venezuela &#8211; Venezuela<\/td>\n<\/tr>\n<tr>\n<td><strong>Eugenio Scalise<\/strong><\/td>\n<td style=\"text-align: right;\">Universidad Central de Venezuela &#8211; Venezuela<\/td>\n<\/tr>\n<\/tbody>\n<\/table>\n<p>&nbsp;<\/p>\n<h4>Miembros del Comit\u00e9 de Programa<\/h4>\n<table style=\"margin: 0px auto; width: 100%;\" border=\"0\">\n<tbody>\n<tr>\n<td><strong>Carlos Acosta<\/strong><\/td>\n<td style=\"text-align: right;\">Universidad Central de Venezuela &#8211; Venezuela<\/td>\n<\/tr>\n<tr>\n<td><strong>Junior Altamiranda<\/strong><\/td>\n<td style=\"text-align: right;\">Universidad de Los Andes &#8211; Venezuela<\/td>\n<\/tr>\n<tr>\n<td><strong>Carlos Barrios<\/strong><\/td>\n<td style=\"text-align: right;\">Universidad Industrial de Santander &#8211; Colombia<\/td>\n<\/tr>\n<tr>\n<td><strong>Manuel Bermudez<\/strong><\/td>\n<td style=\"text-align: right;\">University of Florida &#8211; USA<\/td>\n<\/tr>\n<tr>\n<td><strong>Armando Borrero<\/strong><\/td>\n<td style=\"text-align: right;\">Universidad de Los Andes &#8211; Venezuela<\/td>\n<\/tr>\n<tr>\n<td><strong>Jos\u00e9 Cadenas<\/strong><\/td>\n<td style=\"text-align: right;\">Universidad Sim\u00f3n Bol\u00edvar &#8211; Venezuela<\/td>\n<\/tr>\n<tr>\n<td><strong>Yusneyi Carballo<\/strong><\/td>\n<td style=\"text-align: right;\">Universidad Central de Venezuela &#8211; Venezuela<\/td>\n<\/tr>\n<tr>\n<td><strong>Rubby Casallas<\/strong><\/td>\n<td style=\"text-align: right;\">Universidad de los Andes &#8211; Colombia<\/td>\n<\/tr>\n<tr>\n<td><strong>Ernesto Coto<\/strong><\/td>\n<td style=\"text-align: right;\">University of Sheffield \u2013 Inglaterra<\/td>\n<\/tr>\n<tr>\n<td><strong>Eduardo Fernandez<\/strong><\/td>\n<td style=\"text-align: right;\">Florida Atlantic University &#8211; USA<\/td>\n<\/tr>\n<tr>\n<td><strong>Eric Gamess<\/strong><\/td>\n<td style=\"text-align: right;\">Universidad Central de Venezuela &#8211; Venezuela<\/td>\n<\/tr>\n<tr>\n<td><strong>Marlene Goncalves<\/strong><\/td>\n<td style=\"text-align: right;\">Universidad Sim\u00f3n Bol\u00edvar &#8211; Venezuela<\/td>\n<\/tr>\n<tr>\n<td><strong>Vicente Gonz\u00e1lez<\/strong><\/td>\n<td style=\"text-align: right;\">Universidad Cat\u00f3lica Nuestra Se\u00f1ora de la Asunci\u00f3n &#8211; Paraguay<\/td>\n<\/tr>\n<tr>\n<td><strong>Carlos Hern\u00e1ndez<\/strong><\/td>\n<td style=\"text-align: right;\">Universidad Andr\u00e9s Bello &#8211; Chile<\/td>\n<\/tr>\n<tr>\n<td><strong>Laura Igual<\/strong><\/td>\n<td style=\"text-align: right;\">Universidad de Barcelona &#8211; Espa\u00f1a<\/td>\n<\/tr>\n<tr>\n<td><strong>Francisca Losavio<\/strong><\/td>\n<td style=\"text-align: right;\">Universidad Central de Venezuela &#8211; Venezuela<\/td>\n<\/tr>\n<tr>\n<td><strong>Francisco Luengo<\/strong><\/td>\n<td style=\"text-align: right;\">Universidad del Zulia &#8211; Venezuela<\/td>\n<\/tr>\n<tr>\n<td><strong>Carlos Moreno<\/strong><\/td>\n<td style=\"text-align: right;\">Universidad Central de Venezuela &#8211; Venezuela<\/td>\n<\/tr>\n<tr>\n<td><strong>Haydemar N\u00fa\u00f1ez<\/strong><\/td>\n<td style=\"text-align: right;\">Universidad Central de Venezuela &#8211; Venezuela<\/td>\n<\/tr>\n<tr>\n<td><strong>Vanessa P\u00e9rez<\/strong><\/td>\n<td style=\"text-align: right;\">Universidad de los Andes &#8211; Colombia<\/td>\n<\/tr>\n<tr>\n<td><strong>Gerardo Pirela<\/strong><\/td>\n<td style=\"text-align: right;\">Universidad del Zulia &#8211; Venezuela<\/td>\n<\/tr>\n<tr>\n<td><strong>Dolores Rexachs<\/strong><\/td>\n<td style=\"text-align: right;\">Universidad Aut\u00f3noma de Barcelona &#8211; Espa\u00f1a<\/td>\n<\/tr>\n<tr>\n<td><strong>Wilson Rivera<\/strong><\/td>\n<td style=\"text-align: right;\">Universidad de Puerto Rico &#8211; Puerto Rico<\/td>\n<\/tr>\n<tr>\n<td><strong>Paola Rodriguez<\/strong><\/td>\n<td style=\"text-align: right;\">Universidad del Valle &#8211; Colombia<\/td>\n<\/tr>\n<tr>\n<td><strong>Otilio Rojas<\/strong><\/td>\n<td style=\"text-align: right;\">Universidad Central de Venezuela &#8211; Venezuela<\/td>\n<\/tr>\n<tr>\n<td><strong>Camilo Rueda<\/strong><\/td>\n<td style=\"text-align: right;\">Pontificia Universidad Javeriana &#8211; Colombia<\/td>\n<\/tr>\n<tr>\n<td><strong>Andr\u00e9s Sanoja<\/strong><\/td>\n<td style=\"text-align: right;\">Universidad Central de Venezuela &#8211; Venezuela<\/td>\n<\/tr>\n<tr>\n<td><strong>Eugenio Scalise<\/strong><\/td>\n<td style=\"text-align: right;\">Universidad Central de Venezuela &#8211; Venezuela<\/td>\n<\/tr>\n<\/tbody>\n<\/table>\n","protected":false},"excerpt":{"rendered":"<p>Comit\u00e9 de Programa<\/p>\n<p> Chairs del Comit\u00e9 de Programa Eric Gamess Universidad Central de Venezuela &#8211; Venezuela Eugenio Scalise Universidad Central de Venezuela &#8211; Venezuela <\/p>\n<p>&nbsp;<\/p>\n<p> Miembros del Comit\u00e9 de Programa Carlos Acosta Universidad Central de Venezuela &#8211; Venezuela Junior Altamiranda Universidad de Los Andes &#8211; Venezuela Carlos Barrios Universidad Industrial de Santander &#8211; Colombia Manuel [&#8230;]<\/p>\n","protected":false},"author":1,"featured_media":0,"parent":0,"menu_order":0,"comment_status":"closed","ping_status":"closed","template":"","meta":{"footnotes":""},"class_list":["post-55","page","type-page","status-publish","hentry","odd"],"_links":{"self":[{"href":"https:\/\/sctc.org.ve\/2016\/wp-json\/wp\/v2\/pages\/55","targetHints":{"allow":["GET"]}}],"collection":[{"href":"https:\/\/sctc.org.ve\/2016\/wp-json\/wp\/v2\/pages"}],"about":[{"href":"https:\/\/sctc.org.ve\/2016\/wp-json\/wp\/v2\/types\/page"}],"author":[{"embeddable":true,"href":"https:\/\/sctc.org.ve\/2016\/wp-json\/wp\/v2\/users\/1"}],"replies":[{"embeddable":true,"href":"https:\/\/sctc.org.ve\/2016\/wp-json\/wp\/v2\/comments?post=55"}],"version-history":[{"count":24,"href":"https:\/\/sctc.org.ve\/2016\/wp-json\/wp\/v2\/pages\/55\/revisions"}],"predecessor-version":[{"id":591,"href":"https:\/\/sctc.org.ve\/2016\/wp-json\/wp\/v2\/pages\/55\/revisions\/591"}],"wp:attachment":[{"href":"https:\/\/sctc.org.ve\/2016\/wp-json\/wp\/v2\/media?parent=55"}],"curies":[{"name":"wp","href":"https:\/\/api.w.org\/{rel}","templated":true}]}}