{"id":87,"date":"2015-10-07T03:00:27","date_gmt":"2015-10-07T03:00:27","guid":{"rendered":"http:\/\/www.sctc.org.ve\/2016\/?page_id=87"},"modified":"2016-02-21T21:58:09","modified_gmt":"2016-02-21T21:58:09","slug":"como-llegar-a-la-ucv","status":"publish","type":"page","link":"https:\/\/sctc.org.ve\/2016\/como-llegar-a-la-ucv\/","title":{"rendered":"\u00bfC\u00f3mo Llegar a la UCV?"},"content":{"rendered":"<p><span style=\"display: block; font-size: 20px; padding: 10px; margin-left: 0; -webkit-border-radius: 4px; border-radius: 4px; color: white; text-shadow: 0 -1px 0 rgba(0, 0, 0, 0.25); background-color: #22b04b; background-image: -moz-linear-gradient(top, #22b04b, #22b04b);\">\u00bfC\u00f3mo Llegar a la UCV?<\/span> &nbsp;<\/p>\n<p>El SCTC 2016 se realizar\u00e1 en la <a href=\"http:\/\/www.ciens.ucv.ve\" target=\"_blank\">Facultad de Ciencias<\/a> de la <a href=\"http:\/\/www.ucv.ve\" target=\"_blank\">UCV<\/a> (Universidad Central de Venezuela). A continuaci\u00f3n, se encuentra el sitio de celebraci\u00f3n del SCTC 2016 en Google Map para mayor ayuda.<\/p>\n<p>La estaci\u00f3n de metro m\u00e1s cercana es &#8220;Los S\u00edmbolos&#8221; que se encuentra en la l\u00ednea 3 del metro de Caracas. Al salir de la estaci\u00f3n de metro, se debe seguir la avenida &#8220;Paseo de los Ilustres&#8221; en direcci\u00f3n hacia el estadio universitario (que es lo mismo que ir hacia la estaci\u00f3n de metro &#8220;Ciudad Universitaria&#8221;). La entrada de la Facultad de Ciencias est\u00e1 a 5 minutos a pie de la estaci\u00f3n de metro &#8220;Los S\u00edmbolos&#8221;.<br \/>\n<\/br><\/p>\n<p><center><br \/>\n<iframe loading=\"lazy\" src=\"https:\/\/www.google.com\/maps\/embed?pb=!1m14!1m12!1m3!1d3923.1762924642235!2d-66.8937023725598!3d10.486764962590994!2m3!1f0!2f0!3f0!3m2!1i1024!2i768!4f13.1!5e0!3m2!1sen!2spr!4v1456091970488\" width=\"600\" height=\"450\" frameborder=\"0\" style=\"border:0\" allowfullscreen><\/iframe><br \/>\n<\/center><\/p>\n","protected":false},"excerpt":{"rendered":"<p>\u00bfC\u00f3mo Llegar a la UCV? &nbsp;<\/p>\n<p>El SCTC 2016 se realizar\u00e1 en la Facultad de Ciencias de la UCV (Universidad Central de Venezuela). A continuaci\u00f3n, se encuentra el sitio de celebraci\u00f3n del SCTC 2016 en Google Map para mayor ayuda.<\/p>\n<p>La estaci\u00f3n de metro m\u00e1s cercana es &#8220;Los S\u00edmbolos&#8221; que se encuentra en la l\u00ednea [&#8230;]<\/p>\n","protected":false},"author":1,"featured_media":0,"parent":0,"menu_order":0,"comment_status":"closed","ping_status":"closed","template":"","meta":{"footnotes":""},"class_list":["post-87","page","type-page","status-publish","hentry","odd"],"_links":{"self":[{"href":"https:\/\/sctc.org.ve\/2016\/wp-json\/wp\/v2\/pages\/87","targetHints":{"allow":["GET"]}}],"collection":[{"href":"https:\/\/sctc.org.ve\/2016\/wp-json\/wp\/v2\/pages"}],"about":[{"href":"https:\/\/sctc.org.ve\/2016\/wp-json\/wp\/v2\/types\/page"}],"author":[{"embeddable":true,"href":"https:\/\/sctc.org.ve\/2016\/wp-json\/wp\/v2\/users\/1"}],"replies":[{"embeddable":true,"href":"https:\/\/sctc.org.ve\/2016\/wp-json\/wp\/v2\/comments?post=87"}],"version-history":[{"count":15,"href":"https:\/\/sctc.org.ve\/2016\/wp-json\/wp\/v2\/pages\/87\/revisions"}],"predecessor-version":[{"id":315,"href":"https:\/\/sctc.org.ve\/2016\/wp-json\/wp\/v2\/pages\/87\/revisions\/315"}],"wp:attachment":[{"href":"https:\/\/sctc.org.ve\/2016\/wp-json\/wp\/v2\/media?parent=87"}],"curies":[{"name":"wp","href":"https:\/\/api.w.org\/{rel}","templated":true}]}}