{"id":236,"date":"2020-06-09T03:52:28","date_gmt":"2020-06-09T03:52:28","guid":{"rendered":"http:\/\/www.sctc.org.ve\/2020\/?page_id=236"},"modified":"2020-06-18T14:49:49","modified_gmt":"2020-06-18T14:49:49","slug":"llamado-talleres-y-tutoriales","status":"publish","type":"page","link":"https:\/\/sctc.org.ve\/2020\/llamado-talleres-y-tutoriales\/","title":{"rendered":"Llamado a Talleres y Tutoriales"},"content":{"rendered":"<p><span style=\"display: block; font-size: 20px; padding: 7px; margin-left: 0pt; -webkit-border-radius: 4px; border-radius: 4px; color: white; text-shadow: 3px 3px black; background-image: linear-gradient(135deg, #16a1e7, #16a1e7, #16a1e7, #16a1e7, #101112, #0d5995, #063358, #1574c4, #8b267b, #8b267b, #22b04b, #22b04b, #22b04b);\">Llamado a Talleres y Tutoriales<\/span><\/p>\n<p>Se invita a expertos de reconocida trayectoria, a proponer talleres y tutoriales, de medio d\u00eda (4 horas) o d\u00eda completo (8 horas),  que presenten resultados de investigaci\u00f3n, el estado del arte de un tema determinado o la introducci\u00f3n a un tema de inter\u00e9s industrial o acad\u00e9mico. La propuesta de tutorial debe ser enviada en un PDF que incluya:<\/p>\n<ul>\n<li style=\"margin-top: -10px;\">T\u00edtulo<\/li>\n<li>Resumen<\/li>\n<li>Contenido<\/li>\n<li>Duraci\u00f3n (4 horas o 8 horas)<\/li>\n<li>P\u00fablico objetivo<\/li>\n<li>Equipos requeridos<\/li>\n<li>Breve resumen curricular de los presentadores.<\/li>\n<\/ul>\n<p>Las propuestas deben ser enviadas a trav\u00e9s de EasyChair haciendo clic <a href=\"https:\/\/easychair.org\/conferences\/?conf=sctcevi2020\" target=\"_blank\" rel=\"noopener noreferrer\">aqu\u00ed<\/a>.<br \/>\n&nbsp;<\/p>\n<p><span style=\"display: block; font-size: 20px; padding: 7px; margin-left: 0pt; -webkit-border-radius: 4px; border-radius: 4px; color: white; text-shadow: 3px 3px black; background-image: linear-gradient(135deg, #16a1e7, #16a1e7, #16a1e7, #16a1e7, #101112, #0d5995, #063358, #1574c4, #8b267b, #8b267b, #22b04b, #22b04b, #22b04b);\">Fechas Importantes para Llamado a Talleres y Tutoriales<\/span><br \/>\n\n<table id=\"tablepress-6\" class=\"tablepress tablepress-id-6\">\n<tbody class=\"row-hover\">\n<tr class=\"row-1 odd\">\n\t<td class=\"column-1\">Fecha l\u00edmite para env\u00edo de propuestas de tutoriales:<\/td><td class=\"column-2\"><td style=\"text-align: right;\"><del><span style=\"color: #ff0000;\"><strong>2 de agosto de 2020<\/strong><\/span><\/del><\/td><\/td>\n<\/tr>\n<tr class=\"row-2 even\">\n\t<td class=\"column-1\">Fecha extendida para env\u00edo de propuestas de tutoriales:<\/td><td class=\"column-2\"><td style=\"text-align: right;\">6 de septiembre de 2020<\/td><\/td>\n<\/tr>\n<tr class=\"row-3 odd\">\n\t<td class=\"column-1\">Fecha notificaci\u00f3n de decisi\u00f3n:<\/td><td class=\"column-2\"><td style=\"text-align: right;\"><del><span style=\"color: #ff0000;\"><strong>16 de agosto de 2020<\/strong><\/span><\/del><\/td><\/td>\n<\/tr>\n<tr class=\"row-4 even\">\n\t<td class=\"column-1\">Nueva fecha notificaci\u00f3n de decisi\u00f3n:<\/td><td class=\"column-2\"><td style=\"text-align: right;\">20 de septiembre de 2020<\/td><\/td>\n<\/tr>\n<\/tbody>\n<\/table>\n<!-- #tablepress-6 from cache --><\/p>\n","protected":false},"excerpt":{"rendered":"<p>Llamado a Talleres y Tutoriales Se invita a expertos de reconocida trayectoria, a proponer talleres y tutoriales, de medio d\u00eda (4 horas) o d\u00eda completo (8 horas), que presenten resultados de investigaci\u00f3n, el estado del arte de un tema determinado o la introducci\u00f3n a un tema de inter\u00e9s industrial o acad\u00e9mico. La propuesta de tutorial\u2026 <span class=\"read-more\"><a href=\"https:\/\/sctc.org.ve\/2020\/llamado-talleres-y-tutoriales\/\">Read More &raquo;<\/a><\/span><\/p>\n","protected":false},"author":1,"featured_media":0,"parent":0,"menu_order":0,"comment_status":"closed","ping_status":"closed","template":"","meta":{"footnotes":""},"class_list":["post-236","page","type-page","status-publish","hentry"],"_links":{"self":[{"href":"https:\/\/sctc.org.ve\/2020\/wp-json\/wp\/v2\/pages\/236","targetHints":{"allow":["GET"]}}],"collection":[{"href":"https:\/\/sctc.org.ve\/2020\/wp-json\/wp\/v2\/pages"}],"about":[{"href":"https:\/\/sctc.org.ve\/2020\/wp-json\/wp\/v2\/types\/page"}],"author":[{"embeddable":true,"href":"https:\/\/sctc.org.ve\/2020\/wp-json\/wp\/v2\/users\/1"}],"replies":[{"embeddable":true,"href":"https:\/\/sctc.org.ve\/2020\/wp-json\/wp\/v2\/comments?post=236"}],"version-history":[{"count":10,"href":"https:\/\/sctc.org.ve\/2020\/wp-json\/wp\/v2\/pages\/236\/revisions"}],"predecessor-version":[{"id":339,"href":"https:\/\/sctc.org.ve\/2020\/wp-json\/wp\/v2\/pages\/236\/revisions\/339"}],"wp:attachment":[{"href":"https:\/\/sctc.org.ve\/2020\/wp-json\/wp\/v2\/media?parent=236"}],"curies":[{"name":"wp","href":"https:\/\/api.w.org\/{rel}","templated":true}]}}