{"id":25,"date":"2020-06-08T16:28:52","date_gmt":"2020-06-08T16:28:52","guid":{"rendered":"http:\/\/www.sctc.org.ve\/2020\/?page_id=25"},"modified":"2020-06-08T21:09:13","modified_gmt":"2020-06-08T21:09:13","slug":"comite-organizador","status":"publish","type":"page","link":"https:\/\/sctc.org.ve\/2020\/comite-organizador\/","title":{"rendered":"Comit\u00e9 Organizador"},"content":{"rendered":"<p><span style=\"display: block; font-size: 20px; padding: 7px; margin-left: 0pt; -webkit-border-radius: 4px; border-radius: 4px; color: white; text-shadow: 3px 3px black; background-image: linear-gradient(135deg, #16a1e7, #16a1e7, #16a1e7, #16a1e7, #101112, #0d5995, #063358, #1574c4, #8b267b, #8b267b, #22b04b, #22b04b, #22b04b);\">Comit\u00e9 Organizador<\/span><\/p>\n<h3>Presidentes del Comit\u00e9 Organizador<\/h3>\n\n<table id=\"tablepress-3\" class=\"tablepress tablepress-id-3\">\n<tbody class=\"row-hover\">\n<tr class=\"row-1 odd\">\n\t<td class=\"column-1\">Andr\u00e9s Sanoja<\/td><td class=\"column-2\"><td style=\"text-align: right;\">Universidad Central de Venezuela \u2013 Venezuela<\/td><\/td>\n<\/tr>\n<tr class=\"row-2 even\">\n\t<td class=\"column-1\">Robinson Rivas<\/td><td class=\"column-2\"><td style=\"text-align: right;\">Universidad Central de Venezuela \u2013 Venezuela<\/td><\/td>\n<\/tr>\n<tr class=\"row-3 odd\">\n\t<td class=\"column-1\">Soraya Carrasquel<\/td><td class=\"column-2\"><td style=\"text-align: right;\">Universidad S\u00edmon Bol\u00edvar \u2013 Venezuela<\/td><\/td>\n<\/tr>\n<\/tbody>\n<\/table>\n<!-- #tablepress-3 from cache -->\n<p>&nbsp;<\/p>\n<h3>Miembros del Comit\u00e9 Organizador<\/h3>\n\n<table id=\"tablepress-4\" class=\"tablepress tablepress-id-4\">\n<tbody class=\"row-hover\">\n<tr class=\"row-1 odd\">\n\t<td class=\"column-1\">David Coronado<\/td><td class=\"column-2\"><td style=\"text-align: right;\">Universidad Sim\u00f3n Bol\u00edvar \u2013 Venezuela<\/td><\/td>\n<\/tr>\n<tr class=\"row-2 even\">\n\t<td class=\"column-1\">Eric Gamess<\/td><td class=\"column-2\"><td style=\"text-align: right;\">Universidad Central de Venezuela \u2013 Venezuela<\/td><\/td>\n<\/tr>\n<tr class=\"row-3 odd\">\n\t<td class=\"column-1\">Yosly Hern\u00e1ndez<\/td><td class=\"column-2\"><td style=\"text-align: right;\">Universidad Central de Venezuela \u2013 Venezuela<\/td><\/td>\n<\/tr>\n<tr class=\"row-4 even\">\n\t<td class=\"column-1\">Vanessa Leguizamo<br \/>\n<\/td><td class=\"column-2\"><td style=\"text-align: right;\">Universidad Central de Venezuela \u2013 Venezuela<\/td><\/td>\n<\/tr>\n<tr class=\"row-5 odd\">\n\t<td class=\"column-1\">Mildred Luces<\/td><td class=\"column-2\"><td style=\"text-align: right;\">Universidad Nacional Experimental de la Gran Caracas \u2013 Venezuela<\/td><\/td>\n<\/tr>\n<tr class=\"row-6 even\">\n\t<td class=\"column-1\">Wilmer Pereira<\/td><td class=\"column-2\"><td style=\"text-align: right;\">Instituto Tecnol\u00f3gico Aut\u00f3nomo de M\u00e9xico \u2013 M\u00e9xico<\/td><\/td>\n<\/tr>\n<\/tbody>\n<\/table>\n<!-- #tablepress-4 from cache -->\n","protected":false},"excerpt":{"rendered":"<p>Comit\u00e9 Organizador Presidentes del Comit\u00e9 Organizador &nbsp; Miembros del Comit\u00e9 Organizador<\/p>\n","protected":false},"author":1,"featured_media":0,"parent":0,"menu_order":0,"comment_status":"closed","ping_status":"closed","template":"","meta":{"footnotes":""},"class_list":["post-25","page","type-page","status-publish","hentry"],"_links":{"self":[{"href":"https:\/\/sctc.org.ve\/2020\/wp-json\/wp\/v2\/pages\/25","targetHints":{"allow":["GET"]}}],"collection":[{"href":"https:\/\/sctc.org.ve\/2020\/wp-json\/wp\/v2\/pages"}],"about":[{"href":"https:\/\/sctc.org.ve\/2020\/wp-json\/wp\/v2\/types\/page"}],"author":[{"embeddable":true,"href":"https:\/\/sctc.org.ve\/2020\/wp-json\/wp\/v2\/users\/1"}],"replies":[{"embeddable":true,"href":"https:\/\/sctc.org.ve\/2020\/wp-json\/wp\/v2\/comments?post=25"}],"version-history":[{"count":22,"href":"https:\/\/sctc.org.ve\/2020\/wp-json\/wp\/v2\/pages\/25\/revisions"}],"predecessor-version":[{"id":278,"href":"https:\/\/sctc.org.ve\/2020\/wp-json\/wp\/v2\/pages\/25\/revisions\/278"}],"wp:attachment":[{"href":"https:\/\/sctc.org.ve\/2020\/wp-json\/wp\/v2\/media?parent=25"}],"curies":[{"name":"wp","href":"https:\/\/api.w.org\/{rel}","templated":true}]}}