{"id":2,"date":"2024-01-21T01:00:13","date_gmt":"2024-01-21T01:00:13","guid":{"rendered":"https:\/\/sctc.org.ve\/2024\/?page_id=2"},"modified":"2024-05-18T22:30:01","modified_gmt":"2024-05-18T22:30:01","slug":"sample-page","status":"publish","type":"page","link":"https:\/\/sctc.org.ve\/2024\/","title":{"rendered":"Inicio"},"content":{"rendered":"<p><span style=\"color: white\">Nueva extensi\u00f3n del Llamado a Trabajos hasta el lunes 15 de abril de 2024 (no habr\u00e1 m\u00e1s extensiones)<\/span><\/p>\n<p style=\"font-size: 22px;font-weight: bold;padding: 7px;margin-left: 0pt;border-radius: 10px;color: white;background-image: linear-gradient(90deg, #8b267b, #16a1e7, #22b04b)\">SCTC 2024<\/p>\n<p>El SCTC 2024 es el sexto Simposio Cient\u00edfico y Tecnol\u00f3gico en Computaci\u00f3n. Es un evento que se realizar\u00e1 en la <a href=\"http:\/\/computacion.ciens.ucv.ve\/escueladecomputacion\/\" target=\"_blank\" rel=\"noopener noreferrer\">Escuela de Computaci\u00f3n<\/a> de la <a href=\"http:\/\/www.ucv.ve\" target=\"_blank\" rel=\"noopener noreferrer\">Universidad Central de Venezuela<\/a>, del 15 al 17 de mayo de 2024, conjuntamente con <a href=\"https:\/\/jie.cienciasucv.org\/informacion\/\" target=\"_blank\" rel=\"noopener noreferrer\"> las Jornadas de Investigaci\u00f3n de la Facultad de Ciencias 2024<\/a>. El SCTC es un evento cuya finalidad es consolidar el intercambio sobre experiencias investigativas, acad\u00e9micas y tecnol\u00f3gicas, para crear lazos estrechos de cooperaci\u00f3n a nivel nacional e internacional.<\/p>\n<p>Adem\u00e1s de las tradicionales ponencias de trabajos de investigaci\u00f3n, el SCTC 2024 ofrecer\u00e1 conferencias plenarias, talleres y tutoriales, y una feria del empleo, entre otras actividades.<\/p>\n<p>Fiel a la filosof\u00eda que ha animado el SCTC desde hace varios a\u00f1os, todas las actividades relacionadas con el SCTC 2024 son ofrecidas sin costo para el p\u00fablico, ya que para los organizadores del SCTC, es primordial que la transferencia del conocimiento sea libre y se haga sin costo. Eso es, no hay costo para los autores de contribuciones aceptadas, no hay costo para el p\u00fablico que asistir\u00e1 a la feria del trabajo, no hay costo para los asistentes a las ponencias, a las conferencias plenarias, a los talleres, ni a los tutoriales. <b>Bienvenidos a todos al SCTC 2024<\/b>.<br \/>\n&nbsp; &nbsp;<\/p>\n<p style=\"font-size: 22px;font-weight: bold;padding: 7px;margin-left: 0pt;border-radius: 10px;color: white;background-image: linear-gradient(90deg, #8b267b, #16a1e7, #22b04b)\">Patrocinadores<\/p>\n<p>La Escuela de Computaci\u00f3n de la UCV est\u00e1 en la b\u00fasqueda de patrocinadores para la realizaci\u00f3n del VI Simposio Cient\u00edfico y Tecnol\u00f3gico en Computaci\u00f3n (SCTC 2024). Para mayor informaci\u00f3n, haga clic <a href=\"http:\/\/www.sctc.org.ve\/2024\/patrocinadores\">aqu\u00ed<\/a>.<\/p>\n","protected":false},"excerpt":{"rendered":"<p>Nueva extensi\u00f3n del Llamado a Trabajos hasta el lunes 15 de abril de 2024 (no habr\u00e1 m\u00e1s extensiones) SCTC 2024 El SCTC 2024 es el sexto Simposio Cient\u00edfico y Tecnol\u00f3gico en Computaci\u00f3n. Es un&#46;&#46;&#46;<\/p>\n","protected":false},"author":1,"featured_media":0,"parent":0,"menu_order":0,"comment_status":"closed","ping_status":"open","template":"","meta":{"footnotes":""},"class_list":["post-2","page","type-page","status-publish","hentry"],"_links":{"self":[{"href":"https:\/\/sctc.org.ve\/2024\/wp-json\/wp\/v2\/pages\/2","targetHints":{"allow":["GET"]}}],"collection":[{"href":"https:\/\/sctc.org.ve\/2024\/wp-json\/wp\/v2\/pages"}],"about":[{"href":"https:\/\/sctc.org.ve\/2024\/wp-json\/wp\/v2\/types\/page"}],"author":[{"embeddable":true,"href":"https:\/\/sctc.org.ve\/2024\/wp-json\/wp\/v2\/users\/1"}],"replies":[{"embeddable":true,"href":"https:\/\/sctc.org.ve\/2024\/wp-json\/wp\/v2\/comments?post=2"}],"version-history":[{"count":57,"href":"https:\/\/sctc.org.ve\/2024\/wp-json\/wp\/v2\/pages\/2\/revisions"}],"predecessor-version":[{"id":327,"href":"https:\/\/sctc.org.ve\/2024\/wp-json\/wp\/v2\/pages\/2\/revisions\/327"}],"wp:attachment":[{"href":"https:\/\/sctc.org.ve\/2024\/wp-json\/wp\/v2\/media?parent=2"}],"curies":[{"name":"wp","href":"https:\/\/api.w.org\/{rel}","templated":true}]}}