{"id":50,"date":"2024-01-21T02:43:22","date_gmt":"2024-01-21T02:43:22","guid":{"rendered":"https:\/\/sctc.org.ve\/2024\/?page_id=50"},"modified":"2024-03-20T03:19:47","modified_gmt":"2024-03-20T03:19:47","slug":"llamado-a-articulos","status":"publish","type":"page","link":"https:\/\/sctc.org.ve\/2024\/llamado-a-articulos\/","title":{"rendered":"Llamado a Art\u00edculos"},"content":{"rendered":"<p style=\"font-size: 22px;font-weight: bold;padding: 7px;margin-left: 0pt;border-radius: 10px;color: white;background-image: linear-gradient(90deg, #8b267b, #16a1e7, #22b04b)\">Informaci\u00f3n General<\/p>\n<p>El SCTC 2024 (VI Simposio Cient\u00edfico y Tecnol\u00f3gico en Computaci\u00f3n) ser\u00e1 celebrado del 15 al 17 de mayo\u00a0 de 2024, en la <a href=\"http:\/\/www.ciens.ucv.ve\/ciens\/\" target=\"_blank\" rel=\"noopener noreferrer\">Facultad de Ciencias<\/a> de la <a href=\"http:\/\/www.ucv.ve\/\" target=\"_blank\" rel=\"noopener noreferrer\">Universidad Central de Venezuela<\/a>. El evento ser\u00e1 h\u00edbrido, dejando la decisi\u00f3n a los autores de trabajos aceptados de participar en forma presencial o a trav\u00e9s de tecnolog\u00edas de videoconferencia.<br \/>\n&nbsp;<\/p>\n<p style=\"font-size: 22px;font-weight: bold;padding: 7px;margin-left: 0pt;border-radius: 10px;color: white;background-image: linear-gradient(90deg, #8b267b, #16a1e7, #22b04b)\">Prop\u00f3sito<\/p>\n<p>El prop\u00f3sito de SCTC 2024 es reunir a todos los investigadores de computaci\u00f3n y \u00e1reas afines, para permitir el intercambio de ideas, experiencias y conocimiento. El evento busca fomentar las bases para la colaboraci\u00f3n futura y la creaci\u00f3n de redes de conocimiento en computaci\u00f3n y \u00e1reas afines que permitan expandirse al \u00e1mbito nacional, latinoamericano, iberoamericano e internacional. El SCTC 2024 ser\u00e1 sede para las discusiones de futuras l\u00edneas de investigaci\u00f3n y desarrollo que contribuyan al fortalecimiento cient\u00edfico y social de nuestro pa\u00eds.<br \/>\n&nbsp;<\/p>\n<p style=\"font-size: 22px;font-weight: bold;padding: 7px;margin-left: 0pt;border-radius: 10px;color: white;background-image: linear-gradient(90deg, #8b267b, #16a1e7, #22b04b)\">Llamado a Trabajos<\/p>\n<p>Se hace un llamado a contribuci\u00f3n a la comunidad de la computaci\u00f3n y \u00e1reas afines para el SCTC 2024. Los trabajos sometidos deben ser originales y no deben estar publicados previamente o considerados para ser publicados en otro medio de divulgaci\u00f3n. Cada trabajo ser\u00e1 evaluado por al menos dos expertos del \u00e1rea. Los trabajos aceptados ser\u00e1n publicados en las memorias y en el sitio web del SCTC.<\/p>\n<p>Los trabajos deben ser escritos en castellano o ingl\u00e9s y deben ser enviados en PDF a trav\u00e9s de <a href=\"http:\/\/15.204.129.213\/ojs\/index.php\/sctc2024\/\" target=\"_blank\" rel=\"noopener noreferrer\">OJS (Open Journal System)<\/a>. Los trabajos postulados deben respetar el formato establecido por el SCTC (ver plantillas m\u00e1s abajo). Tambi\u00e9n, se debe tomar en cuenta lo siguiente:<\/p>\n<ul>\n<li>Las contribuciones deben tener un m\u00ednimo de 6 p\u00e1ginas y un m\u00e1ximo de 14 p\u00e1ginas tama\u00f1o carta (8.5\u201d x 11\u201d), en doble columna, sin numeraci\u00f3n de p\u00e1ginas.<\/li>\n<li>Si el trabajo est\u00e1 escrito en espa\u00f1ol, en la parte inicial debe constar de 4 secciones en el siguiente orden: (1) Resumen, (2) Palabras Clave, (3) Abstract y (4) Keywords. Si el trabajo est\u00e1 escrito en ingl\u00e9s, en la parte inicial debe constar de 2 secciones en el siguiente orden: (1) Abstract y (2) Keywords.<\/li>\n<li>El manuscrito debe tener un \u00fanico t\u00edtulo, en el idioma escogido. Si el trabajo est\u00e1 escrito en espa\u00f1ol, el t\u00edtulo estar\u00e1 en espa\u00f1ol. Si el trabajo est\u00e1 escrito en ingl\u00e9s, el t\u00edtulo estar\u00e1 en ingl\u00e9s. En ning\u00fan caso, se necesitan dos t\u00edtulos (espa\u00f1ol e ingl\u00e9s).<\/li>\n<li>Las referencias bibliogr\u00e1ficas deber\u00edan estar citadas expl\u00edcitamente en el trabajo. Cada cita es un n\u00famero entre corchetes ([1], [2], [3], etc), apareciendo de forma ascendente, secuencialmente en el texto, y que remita a la correspondiente referencia. Para mayor detalles sobre el formato y el tipo de referencias, consultar las plantillas.<\/li>\n<li>Como el proceso de evaluaci\u00f3n de los trabajos se hace a ciegas, los trabajos (archivos PDF) subidos en OJS no deben tener datos que permitan identificar los autores. Por ende, los autores deben eliminar de las contribuciones a ser evaluadas informaci\u00f3n como: nombres, apellidos, emails, afiliaciones, enlaces a p\u00e1ginas web donde aparecen los datos de los autores, agradecimientos que pudieran llevar a inferir los autores, etc. Eso es, el trabajo enviado a evaluaci\u00f3n debe iniciar por el t\u00edtulo de la contribuci\u00f3n, el resumen, y la lista de palabras clave. En caso que el trabajo sea aceptado para ser publicado en las memorias y la p\u00e1gina web del SCTC, la publicaci\u00f3n final (camera ready) s\u00ed tendr\u00e1 estos datos.<\/li>\n<li>Los t\u00edtulos de las figuras deben ser centrados por debajo de \u00e9stas. La numeraci\u00f3n de las figuras se hace con n\u00fameros ar\u00e1bicos (Figura 1, Figura 2, Figura 3, etc). En las citaciones de las figuras y en los t\u00edtulos de las figuras, la \u201cF\u201d de \u201cFigura\u201d se debe escribir en may\u00fasculas.<\/li>\n<li>Los t\u00edtulos de las tablas deben ser centrados por encima de \u00e9stas. La numeraci\u00f3n de las tablas se hace con n\u00fameros romanos (Tabla I, Tabla II, Tabla III, etc). En las citaciones de las tablas y en los t\u00edtulos de las tablas, la \u201cT\u201d de \u201cTabla\u201d se debe escribir en may\u00fasculas.<\/li>\n<li>Las figuras de los trabajos deben ser de alta calidad, de tal forma que no se vean pixeladas. El texto dentro de las figuras debe ser suficientemente grande para que se pueda leer f\u00e1cilmente. No se debe encerrar las figuras en un recuadro. Al producir el PDF de su contribuci\u00f3n, es importante configurar las opciones de su software para que las figuras sean generadas con una resoluci\u00f3n de al menos 600 DPI<\/li>\n<li>Los t\u00edtulos de las figuras y de las tablas deben ser cortos. Es decir que no se debe hacer la descripci\u00f3n de las figuras y de las tablas dentro de los t\u00edtulos de estas; Para eso est\u00e1 el texto de la contribuci\u00f3n. En el caso que la figura o la tabla no sea propia, la citaci\u00f3n de la fuente de esta se debe hacer en el texto del trabajo, no en su t\u00edtulo.<\/li>\n<li>En caso que un trabajo incluya material con copyright, es necesario que los autores obtengan la autorizaci\u00f3n por escrito de los due\u00f1os antes de someter la contribuci\u00f3n a evaluaci\u00f3n al SCTC.<\/li>\n<\/ul>\n<p>Aquellos autores que hagan m\u00faltiples env\u00edos deben asegurarse que cada trabajo tenga suficiente contenido original. Las contribuciones enviadas al SCTC 2024 ser\u00e1n evaluadas por especialistas de reconocida trayectoria cient\u00edfica y profesional. Los trabajos que no tengan el n\u00famero m\u00ednimo de p\u00e1ginas (6 p\u00e1ginas) o que sobrepasen el n\u00famero m\u00e1ximo de p\u00e1ginas (14 p\u00e1ginas) ser\u00e1n rechazados sin revisar.<\/p>\n<p>El programa final, las memorias y la p\u00e1gina web del SCTC s\u00f3lo incluir\u00e1n los trabajos con al menos un autor inscrito en la categor\u00eda AUTOR en el simposio antes de la fecha l\u00edmite para el env\u00edo de la versi\u00f3n final.<br \/>\n&nbsp;<\/p>\n<p style=\"font-size: 22px;font-weight: bold;padding: 7px;margin-left: 0pt;border-radius: 10px;color: white;background-image: linear-gradient(90deg, #8b267b, #16a1e7, #22b04b)\">T\u00f3picos<\/p>\n<p>Los t\u00f3picos de mayor inter\u00e9s del SCTC 2024 est\u00e1n especificados a continuaci\u00f3n. Es de aclarar que no es una lista exhaustiva.<\/p>\n<ul>\n<li>Matem\u00e1ticas de la Computaci\u00f3n\n<li>Computaci\u00f3n Gr\u00e1fica<\/li>\n<li>Redes de Comunicaci\u00f3n<\/li>\n<li>Tecnolog\u00edas Educativas<\/li>\n<li>Computaci\u00f3n Paralela y Distribuida<\/li>\n<li>Ingenier\u00eda de Software<\/li>\n<li>Interacci\u00f3n Humano Computador<\/li>\n<li>Sistemas de Informaci\u00f3n<\/li>\n<li>Rob\u00f3tica<\/li>\n<li>Tecnolog\u00edas de Informaci\u00f3n<\/li>\n<li>Tecnolog\u00edas Educativas<\/li>\n<li>Software como un Servicio<\/li>\n<li>Inteligencia Artificial<\/li>\n<li>Aplicaciones Web, M\u00e9dicas, Sociales, etc.<\/li>\n<li>Gobierno Electr\u00f3nico<\/li>\n<\/ul>\n<p>&nbsp;<\/p>\n<p style=\"font-size: 22px;font-weight: bold;padding: 7px;margin-left: 0pt;border-radius: 10px;color: white;background-image: linear-gradient(90deg, #8b267b, #16a1e7, #22b04b)\">Fechas Importantes<\/p>\n<p>\n<table id=\"tablepress-3\" class=\"tablepress tablepress-id-3\">\n<tbody class=\"row-hover\">\n<tr class=\"row-1 odd\">\n\t<td class=\"column-1\"><td style=\"text-align: left\">Fechas del evento:<\/td><\/td><td class=\"column-2\"><td style=\"text-align: right\">15 al 17 de mayo  de 2024<\/td><\/td><td class=\"column-3\"><\/td><td class=\"column-4\"><\/td><td class=\"column-5\"><\/td>\n<\/tr>\n<tr class=\"row-2 even\">\n\t<td class=\"column-1\"><td style=\"text-align: left\">Fecha l\u00edmite para env\u00edos de trabajos:<\/td><\/td><td class=\"column-2\"><td style=\"text-align: right\"><span style=\"color: #ff0000;\"><del>15 de marzo de 2024<\/del><\/span> &nbsp;&nbsp; 15 de abril de 2024<\/td><\/td><td class=\"column-3\"><\/td><td class=\"column-4\"><\/td><td class=\"column-5\"><\/td>\n<\/tr>\n<tr class=\"row-3 odd\">\n\t<td class=\"column-1\"><td style=\"text-align: left\">Notificaci\u00f3n de decisi\u00f3n:<\/td><\/td><td class=\"column-2\"><td style=\"text-align: right\"><span style=\"color: #ff0000;\"><del>30 de marzo de 2024<\/del><\/span><\/td><\/td><td class=\"column-3\"><\/td><td class=\"column-4\"><\/td><td class=\"column-5\"><\/td>\n<\/tr>\n<tr class=\"row-4 even\">\n\t<td class=\"column-1\"><td style=\"text-align: left\">Fecha l\u00edmite para versi\u00f3n final del trabajo:<\/td><\/td><td class=\"column-2\"><td style=\"text-align: right\">30 de abril de 2024<\/td><\/td><td class=\"column-3\"><\/td><td class=\"column-4\"><\/td><td class=\"column-5\"><\/td>\n<\/tr>\n<\/tbody>\n<\/table>\n<!-- #tablepress-3 from cache --><br \/>\n&nbsp;<\/p>\n<p style=\"font-size: 22px;font-weight: bold;padding: 7px;margin-left: 0pt;border-radius: 10px;color: white;background-image: linear-gradient(90deg, #8b267b, #16a1e7, #22b04b)\">Plantillas<\/p>\n\n<table id=\"tablepress-5\" class=\"tablepress tablepress-id-5\">\n<tbody class=\"row-hover\">\n<tr class=\"row-1 odd\">\n\t<td class=\"column-1\"><td style=\"text-align: left\">Microsoft Word (DOCX)<\/td><\/td><td class=\"column-2\"><td style=\"text-align: right\"><a href=\"http:\/\/www.sctc.org.ve\/2016\/wp-content\/uploads\/sites\/2\/2016\/04\/template-SCTC-v2.1-word.docx\" target=\"_blank\" rel=\"noopener noreferrer\">Archivo DOCX<\/a><\/td><\/td><td class=\"column-3\"><\/td><td class=\"column-4\"><\/td><td class=\"column-5\"><\/td>\n<\/tr>\n<tr class=\"row-2 even\">\n\t<td class=\"column-1\"><td style=\"text-align: left\">Microsoft Word (PDF)<\/td><\/td><td class=\"column-2\"><td style=\"text-align: right\"><a href=\"http:\/\/www.sctc.org.ve\/2016\/wp-content\/uploads\/sites\/2\/2016\/04\/template-SCTC-v2.1-word.pdf\" target=\"_blank\" rel=\"noopener noreferrer\">Archivo PDF<\/a><\/td><\/td><td class=\"column-3\"><\/td><td class=\"column-4\"><\/td><td class=\"column-5\"><\/td>\n<\/tr>\n<tr class=\"row-3 odd\">\n\t<td class=\"column-1\"><td style=\"text-align: left\">LaTeX (ZIP)<\/td><\/td><td class=\"column-2\"><td style=\"text-align: right\"><a href=\"https:\/\/sctc.org.ve\/2016\/wp-content\/uploads\/sites\/2\/2016\/04\/template-SCTC-v2.1-LaTeX.zip\" target=\"_blank\" rel=\"noopener noreferrer\">Archivo ZIP<\/a><\/td><\/td><td class=\"column-3\"><\/td><td class=\"column-4\"><\/td><td class=\"column-5\"><\/td>\n<\/tr>\n<tr class=\"row-4 even\">\n\t<td class=\"column-1\"><td style=\"text-align: left\">LaTeX (PDF)<\/td><\/td><td class=\"column-2\"><td style=\"text-align: right\"><a href=\"https:\/\/sctc.org.ve\/2016\/wp-content\/uploads\/sites\/2\/2016\/04\/template-SCTC-v2.1-LaTeX.pdf\" target=\"_blank\" rel=\"noopener noreferrer\">Archivo PDF<\/a><\/td><\/td><td class=\"column-3\"><\/td><td class=\"column-4\"><\/td><td class=\"column-5\"><\/td>\n<\/tr>\n<\/tbody>\n<\/table>\n<!-- #tablepress-5 from cache -->\n","protected":false},"excerpt":{"rendered":"<p>Informaci\u00f3n General El SCTC 2024 (VI Simposio Cient\u00edfico y Tecnol\u00f3gico en Computaci\u00f3n) ser\u00e1 celebrado del 15 al 17 de mayo\u00a0 de 2024, en la Facultad de Ciencias de la Universidad Central de Venezuela. El&#46;&#46;&#46;<\/p>\n","protected":false},"author":1,"featured_media":0,"parent":0,"menu_order":0,"comment_status":"closed","ping_status":"closed","template":"","meta":{"footnotes":""},"class_list":["post-50","page","type-page","status-publish","hentry"],"_links":{"self":[{"href":"https:\/\/sctc.org.ve\/2024\/wp-json\/wp\/v2\/pages\/50","targetHints":{"allow":["GET"]}}],"collection":[{"href":"https:\/\/sctc.org.ve\/2024\/wp-json\/wp\/v2\/pages"}],"about":[{"href":"https:\/\/sctc.org.ve\/2024\/wp-json\/wp\/v2\/types\/page"}],"author":[{"embeddable":true,"href":"https:\/\/sctc.org.ve\/2024\/wp-json\/wp\/v2\/users\/1"}],"replies":[{"embeddable":true,"href":"https:\/\/sctc.org.ve\/2024\/wp-json\/wp\/v2\/comments?post=50"}],"version-history":[{"count":57,"href":"https:\/\/sctc.org.ve\/2024\/wp-json\/wp\/v2\/pages\/50\/revisions"}],"predecessor-version":[{"id":276,"href":"https:\/\/sctc.org.ve\/2024\/wp-json\/wp\/v2\/pages\/50\/revisions\/276"}],"wp:attachment":[{"href":"https:\/\/sctc.org.ve\/2024\/wp-json\/wp\/v2\/media?parent=50"}],"curies":[{"name":"wp","href":"https:\/\/api.w.org\/{rel}","templated":true}]}}